{"id":1981,"date":"2025-07-20T22:56:54","date_gmt":"2025-07-20T22:56:54","guid":{"rendered":"https:\/\/darkgrey-otter-452932.hostingersite.com\/?post_type=product&#038;p=1981"},"modified":"2026-02-10T11:02:41","modified_gmt":"2026-02-10T11:02:41","slug":"tamanrasset-trek","status":"publish","type":"product","link":"https:\/\/karabatours.com\/fr\/product\/tamanrasset-trek\/","title":{"rendered":"Tamanrasset &#8211; Tahat Atakor"},"content":{"rendered":"\n<?xml encoding=\"utf-8\" ?><p>&nbsp;<\/p>\n<p>Le Hoggar, situ&eacute; au sud de l&rsquo;Alg&eacute;rie, traverse le tropique du Cancer &agrave; 80 km de Tamanrasset et s&rsquo;&eacute;tend sur 50 000 km&sup2;. &Agrave; l&rsquo;est, le plateau d&rsquo;Atakor, avec ses volcans culminant &agrave; pr&egrave;s de 3 000 m, abrite le point le plus haut du pays, le Tahat (2 918 m). Le relief escarp&eacute;, compos&eacute; de pitons et falaises, est pris&eacute; des grimpeurs. L&rsquo;Assekrem, un plateau &agrave; 2 780 m d&rsquo;altitude, fait partie du parc culturel de l&rsquo;Ahaggar et est c&eacute;l&egrave;bre pour avoir &eacute;t&eacute; le lieu de la retraite spirituelle de Charles de Foucauld.<\/p>\n<h6 style=\"color: #a3a83f; text-transform: uppercase; font-size: 26px;\">TARIF DU S&Eacute;JOUR COMPRENANT<\/h6>\n<p>Pour vous aider &agrave; planifier votre voyage, nous avons pr&eacute;par&eacute; une liste de ce qui est inclus et de ce qui ne l&rsquo;est pas dans votre forfait. Cela vous donnera une compr&eacute;hension claire de ce &agrave; quoi vous attendre et vous aidera &agrave; prendre les dispositions n&eacute;cessaires avant le d&eacute;but de votre voyage.<\/p>\n<ul>\n<li>Billet d&rsquo;avion Gen&egrave;ve Alger \/ ALG GNV<\/li>\n<li>Billet d&rsquo;avion Alger Tam\/ TAM ALG<\/li>\n<li>H&eacute;bergement en bivouac &ndash; confort : tentes individuelles ou doubles avec matelas, couette et coussin inclus.<\/li>\n<li>Deux nuits d&rsquo;h&ocirc;tel .<\/li>\n<li>V&eacute;hicule 4*4 privatif avec chauffeur<\/li>\n<li>Accompagnateur touareg francophone (anglophone en option)<\/li>\n<li>Cuisiner<\/li>\n<li>Pension compl&egrave;te (petit d&eacute;jeuner, d&eacute;jeuner, d&icirc;ner)<\/li>\n<li>Entr&eacute;es dans le parc du tassili n&rsquo;ajjer<\/li>\n<\/ul>\n<p>&nbsp;<\/p>\n<h6 style=\"color: #a3a83f; text-transform: uppercase; font-size: 26px;\">Tour programme<\/h6>\n<p>Nous avons soigneusement planifi&eacute; chaque journ&eacute;e afin de vous offrir la meilleure exp&eacute;rience possible. De l&rsquo;exploration des sites historiques &agrave; la d&eacute;gustation de la d&eacute;licieuse cuisine locale, chaque journ&eacute;e est remplie d&rsquo;aventures et d&rsquo;&eacute;motions. Rejoignez-nous pour un voyage &agrave; travers certaines des destinations les plus fascinantes au monde.<\/p>\n\n","protected":false},"excerpt":{"rendered":"<p>Trek inoubliable \u00e0 El Hoggar : de Oued Mazoliat \u00e0 la mosqu\u00e9 d&rsquo;Ilmane en passant par Tahat Atakor (le plus haut sommet d&rsquo;Alg\u00e9rie 3 000m) .<\/p>\n<p>Le plateau de l&rsquo;Assekrem est notamment connu pour avoir abrit\u00e9 la retraite spirituelle de Charles de Foucauld.<\/p>\n","protected":false},"featured_media":1464,"comment_status":"open","ping_status":"closed","template":"","meta":{"_acf_changed":false},"product_brand":[],"product_cat":[23],"product_tag":[],"class_list":{"0":"post-1981","1":"product","2":"type-product","3":"status-publish","4":"has-post-thumbnail","6":"product_cat-uncategorized","8":"first","9":"instock","10":"virtual","11":"purchasable","12":"product-type-simple"},"acf":[],"yoast_head":"<!-- This site is optimized with the Yoast SEO plugin v25.7 - https:\/\/yoast.com\/wordpress\/plugins\/seo\/ -->\n<title>Tamanrasset - Tahat Atakor - Karaba, l\u2019infini du d\u00e9sert<\/title>\n<meta name=\"robots\" content=\"index, follow, max-snippet:-1, max-image-preview:large, max-video-preview:-1\" \/>\n<link rel=\"canonical\" href=\"https:\/\/karabatours.com\/fr\/product\/tamanrasset-trek\/\" \/>\n<meta property=\"og:locale\" content=\"fr_FR\" \/>\n<meta property=\"og:type\" content=\"article\" \/>\n<meta property=\"og:title\" content=\"Tamanrasset - Tahat Atakor - Karaba, l\u2019infini du d\u00e9sert\" \/>\n<meta property=\"og:description\" content=\"Trek inoubliable \u00e0 El Hoggar : de Oued Mazoliat \u00e0 la mosqu\u00e9 d&#039;Ilmane en passant par Tahat Atakor (le plus haut sommet d&#039;Alg\u00e9rie 3 000m) .  Le plateau de l&#039;Assekrem est notamment connu pour avoir abrit\u00e9 la retraite spirituelle de Charles de Foucauld.\" \/>\n<meta property=\"og:url\" content=\"https:\/\/karabatours.com\/fr\/product\/tamanrasset-trek\/\" \/>\n<meta property=\"og:site_name\" content=\"Karaba, l\u2019infini du d\u00e9sert\" \/>\n<meta property=\"article:modified_time\" content=\"2026-02-10T11:02:41+00:00\" \/>\n<meta property=\"og:image\" content=\"https:\/\/karabatours.com\/wp-content\/uploads\/2025\/07\/tassili_n_ajjer_04.jpg\" \/>\n\t<meta property=\"og:image:width\" content=\"720\" \/>\n\t<meta property=\"og:image:height\" content=\"400\" \/>\n\t<meta property=\"og:image:type\" content=\"image\/jpeg\" \/>\n<meta name=\"twitter:card\" content=\"summary_large_image\" \/>\n<meta name=\"twitter:label1\" content=\"Dur\u00e9e de lecture estim\u00e9e\" \/>\n\t<meta name=\"twitter:data1\" content=\"2 minutes\" \/>\n<script type=\"application\/ld+json\" class=\"yoast-schema-graph\">{\"@context\":\"https:\/\/schema.org\",\"@graph\":[{\"@type\":\"WebPage\",\"@id\":\"https:\/\/karabatours.com\/product\/tamanrasset-trek\/\",\"url\":\"https:\/\/karabatours.com\/product\/tamanrasset-trek\/\",\"name\":\"Tamanrasset - Tahat Atakor - Karaba, l\u2019infini du d\u00e9sert\",\"isPartOf\":{\"@id\":\"https:\/\/karabatours.com\/#website\"},\"primaryImageOfPage\":{\"@id\":\"https:\/\/karabatours.com\/product\/tamanrasset-trek\/#primaryimage\"},\"image\":{\"@id\":\"https:\/\/karabatours.com\/product\/tamanrasset-trek\/#primaryimage\"},\"thumbnailUrl\":\"https:\/\/karabatours.com\/wp-content\/uploads\/2025\/07\/tassili_n_ajjer_04.jpg\",\"datePublished\":\"2025-07-20T22:56:54+00:00\",\"dateModified\":\"2026-02-10T11:02:41+00:00\",\"breadcrumb\":{\"@id\":\"https:\/\/karabatours.com\/product\/tamanrasset-trek\/#breadcrumb\"},\"inLanguage\":\"fr-FR\",\"potentialAction\":[{\"@type\":\"ReadAction\",\"target\":[\"https:\/\/karabatours.com\/product\/tamanrasset-trek\/\"]}]},{\"@type\":\"ImageObject\",\"inLanguage\":\"fr-FR\",\"@id\":\"https:\/\/karabatours.com\/product\/tamanrasset-trek\/#primaryimage\",\"url\":\"https:\/\/karabatours.com\/wp-content\/uploads\/2025\/07\/tassili_n_ajjer_04.jpg\",\"contentUrl\":\"https:\/\/karabatours.com\/wp-content\/uploads\/2025\/07\/tassili_n_ajjer_04.jpg\",\"width\":720,\"height\":400},{\"@type\":\"BreadcrumbList\",\"@id\":\"https:\/\/karabatours.com\/product\/tamanrasset-trek\/#breadcrumb\",\"itemListElement\":[{\"@type\":\"ListItem\",\"position\":1,\"name\":\"Accueil\",\"item\":\"https:\/\/karabatours.com\/\"},{\"@type\":\"ListItem\",\"position\":2,\"name\":\"Shop\",\"item\":\"https:\/\/karabatours.com\/shop\/\"},{\"@type\":\"ListItem\",\"position\":3,\"name\":\"Tamanrasset &#8211; Tahat Atakor\"}]},{\"@type\":\"WebSite\",\"@id\":\"https:\/\/karabatours.com\/#website\",\"url\":\"https:\/\/karabatours.com\/\",\"name\":\"Karaba - une aventure, un voyage, l'infini du d\u00e9sert\",\"description\":\"\",\"publisher\":{\"@id\":\"https:\/\/karabatours.com\/#organization\"},\"potentialAction\":[{\"@type\":\"SearchAction\",\"target\":{\"@type\":\"EntryPoint\",\"urlTemplate\":\"https:\/\/karabatours.com\/?s={search_term_string}\"},\"query-input\":{\"@type\":\"PropertyValueSpecification\",\"valueRequired\":true,\"valueName\":\"search_term_string\"}}],\"inLanguage\":\"fr-FR\"},{\"@type\":\"Organization\",\"@id\":\"https:\/\/karabatours.com\/#organization\",\"name\":\"Karaba - une aventure, un voyage, l'infini du d\u00e9sert\",\"url\":\"https:\/\/karabatours.com\/\",\"logo\":{\"@type\":\"ImageObject\",\"inLanguage\":\"fr-FR\",\"@id\":\"https:\/\/karabatours.com\/#\/schema\/logo\/image\/\",\"url\":\"https:\/\/karabatours.com\/wp-content\/uploads\/2025\/05\/karaba-logo-1.png\",\"contentUrl\":\"https:\/\/karabatours.com\/wp-content\/uploads\/2025\/05\/karaba-logo-1.png\",\"width\":192,\"height\":183,\"caption\":\"Karaba - une aventure, un voyage, l'infini du d\u00e9sert\"},\"image\":{\"@id\":\"https:\/\/karabatours.com\/#\/schema\/logo\/image\/\"}}]}<\/script>\n<!-- \/ Yoast SEO plugin. -->","yoast_head_json":{"title":"Tamanrasset - Tahat Atakor - Karaba, l\u2019infini du d\u00e9sert","robots":{"index":"index","follow":"follow","max-snippet":"max-snippet:-1","max-image-preview":"max-image-preview:large","max-video-preview":"max-video-preview:-1"},"canonical":"https:\/\/karabatours.com\/fr\/product\/tamanrasset-trek\/","og_locale":"fr_FR","og_type":"article","og_title":"Tamanrasset - Tahat Atakor - Karaba, l\u2019infini du d\u00e9sert","og_description":"Trek inoubliable \u00e0 El Hoggar : de Oued Mazoliat \u00e0 la mosqu\u00e9 d'Ilmane en passant par Tahat Atakor (le plus haut sommet d'Alg\u00e9rie 3 000m) .  Le plateau de l'Assekrem est notamment connu pour avoir abrit\u00e9 la retraite spirituelle de Charles de Foucauld.","og_url":"https:\/\/karabatours.com\/fr\/product\/tamanrasset-trek\/","og_site_name":"Karaba, l\u2019infini du d\u00e9sert","article_modified_time":"2026-02-10T11:02:41+00:00","og_image":[{"width":720,"height":400,"url":"https:\/\/karabatours.com\/wp-content\/uploads\/2025\/07\/tassili_n_ajjer_04.jpg","type":"image\/jpeg"}],"twitter_card":"summary_large_image","twitter_misc":{"Dur\u00e9e de lecture estim\u00e9e":"2 minutes"},"schema":{"@context":"https:\/\/schema.org","@graph":[{"@type":"WebPage","@id":"https:\/\/karabatours.com\/product\/tamanrasset-trek\/","url":"https:\/\/karabatours.com\/product\/tamanrasset-trek\/","name":"Tamanrasset - Tahat Atakor - Karaba, l\u2019infini du d\u00e9sert","isPartOf":{"@id":"https:\/\/karabatours.com\/#website"},"primaryImageOfPage":{"@id":"https:\/\/karabatours.com\/product\/tamanrasset-trek\/#primaryimage"},"image":{"@id":"https:\/\/karabatours.com\/product\/tamanrasset-trek\/#primaryimage"},"thumbnailUrl":"https:\/\/karabatours.com\/wp-content\/uploads\/2025\/07\/tassili_n_ajjer_04.jpg","datePublished":"2025-07-20T22:56:54+00:00","dateModified":"2026-02-10T11:02:41+00:00","breadcrumb":{"@id":"https:\/\/karabatours.com\/product\/tamanrasset-trek\/#breadcrumb"},"inLanguage":"fr-FR","potentialAction":[{"@type":"ReadAction","target":["https:\/\/karabatours.com\/product\/tamanrasset-trek\/"]}]},{"@type":"ImageObject","inLanguage":"fr-FR","@id":"https:\/\/karabatours.com\/product\/tamanrasset-trek\/#primaryimage","url":"https:\/\/karabatours.com\/wp-content\/uploads\/2025\/07\/tassili_n_ajjer_04.jpg","contentUrl":"https:\/\/karabatours.com\/wp-content\/uploads\/2025\/07\/tassili_n_ajjer_04.jpg","width":720,"height":400},{"@type":"BreadcrumbList","@id":"https:\/\/karabatours.com\/product\/tamanrasset-trek\/#breadcrumb","itemListElement":[{"@type":"ListItem","position":1,"name":"Accueil","item":"https:\/\/karabatours.com\/"},{"@type":"ListItem","position":2,"name":"Shop","item":"https:\/\/karabatours.com\/shop\/"},{"@type":"ListItem","position":3,"name":"Tamanrasset &#8211; Tahat Atakor"}]},{"@type":"WebSite","@id":"https:\/\/karabatours.com\/#website","url":"https:\/\/karabatours.com\/","name":"Karaba - une aventure, un voyage, l'infini du d\u00e9sert","description":"","publisher":{"@id":"https:\/\/karabatours.com\/#organization"},"potentialAction":[{"@type":"SearchAction","target":{"@type":"EntryPoint","urlTemplate":"https:\/\/karabatours.com\/?s={search_term_string}"},"query-input":{"@type":"PropertyValueSpecification","valueRequired":true,"valueName":"search_term_string"}}],"inLanguage":"fr-FR"},{"@type":"Organization","@id":"https:\/\/karabatours.com\/#organization","name":"Karaba - une aventure, un voyage, l'infini du d\u00e9sert","url":"https:\/\/karabatours.com\/","logo":{"@type":"ImageObject","inLanguage":"fr-FR","@id":"https:\/\/karabatours.com\/#\/schema\/logo\/image\/","url":"https:\/\/karabatours.com\/wp-content\/uploads\/2025\/05\/karaba-logo-1.png","contentUrl":"https:\/\/karabatours.com\/wp-content\/uploads\/2025\/05\/karaba-logo-1.png","width":192,"height":183,"caption":"Karaba - une aventure, un voyage, l'infini du d\u00e9sert"},"image":{"@id":"https:\/\/karabatours.com\/#\/schema\/logo\/image\/"}}]}},"_links":{"self":[{"href":"https:\/\/karabatours.com\/fr\/wp-json\/wp\/v2\/product\/1981","targetHints":{"allow":["GET"]}}],"collection":[{"href":"https:\/\/karabatours.com\/fr\/wp-json\/wp\/v2\/product"}],"about":[{"href":"https:\/\/karabatours.com\/fr\/wp-json\/wp\/v2\/types\/product"}],"replies":[{"embeddable":true,"href":"https:\/\/karabatours.com\/fr\/wp-json\/wp\/v2\/comments?post=1981"}],"wp:featuredmedia":[{"embeddable":true,"href":"https:\/\/karabatours.com\/fr\/wp-json\/wp\/v2\/media\/1464"}],"wp:attachment":[{"href":"https:\/\/karabatours.com\/fr\/wp-json\/wp\/v2\/media?parent=1981"}],"wp:term":[{"taxonomy":"product_brand","embeddable":true,"href":"https:\/\/karabatours.com\/fr\/wp-json\/wp\/v2\/product_brand?post=1981"},{"taxonomy":"product_cat","embeddable":true,"href":"https:\/\/karabatours.com\/fr\/wp-json\/wp\/v2\/product_cat?post=1981"},{"taxonomy":"product_tag","embeddable":true,"href":"https:\/\/karabatours.com\/fr\/wp-json\/wp\/v2\/product_tag?post=1981"}],"curies":[{"name":"wp","href":"https:\/\/api.w.org\/{rel}","templated":true}]}}