{"id":1980,"date":"2025-07-20T22:55:56","date_gmt":"2025-07-20T22:55:56","guid":{"rendered":"https:\/\/darkgrey-otter-452932.hostingersite.com\/?post_type=product&#038;p=1980"},"modified":"2026-02-10T11:16:01","modified_gmt":"2026-02-10T11:16:01","slug":"djajnet-iherrir","status":"publish","type":"product","link":"https:\/\/karabatours.com\/fr\/product\/djajnet-iherrir\/","title":{"rendered":"DJAJNET IHERRIR"},"content":{"rendered":"\n<?xml encoding=\"utf-8\" ?><p>Ce circuit vous m&egrave;ne de Djanet aux oasis recul&eacute;es d&rsquo;Ihrir &agrave; travers les paysages vari&eacute;s du Tassili n&rsquo;Ajjer. D&egrave;s votre arriv&eacute;e, vous partez &agrave; la d&eacute;couverte des sites rupestres de Taghen et d&rsquo;Aloukou avant de rejoindre le village touareg d&rsquo;Ihrir, nich&eacute; dans un canyon spectaculaire. Vous passerez des nuits en bivouac ou dans un g&icirc;te traditionnel, au plus pr&egrave;s des habitants.<\/p>\n<p>Entre randonn&eacute;es dans les oueds bord&eacute;s de lauriers roses, gravures de Tin Tagharit, et exploration des grandes plaines de Dider, cette aventure vous fait voyager &agrave; travers l&rsquo;histoire mill&eacute;naire du Sahara. Chaque &eacute;tape est rythm&eacute;e par la nature, la culture touar&egrave;gue et les tr&eacute;sors arch&eacute;ologiques du d&eacute;sert.<\/p>\n<h6 style=\"color: #a3a83f; text-transform: uppercase; font-size: 26px;\">TARIF DU S&Eacute;JOUR COMPRENANT<\/h6>\n<p>Pour vous aider &agrave; planifier votre voyage, nous avons pr&eacute;par&eacute; une liste de ce qui est inclus et de ce qui ne l&rsquo;est pas dans votre forfait. Cela vous donnera une compr&eacute;hension claire de ce &agrave; quoi vous attendre et vous aidera &agrave; prendre les dispositions n&eacute;cessaires avant le d&eacute;but de votre voyage.<\/p>\n<ul>\n<li>H&eacute;bergement en bivouac &ndash; confort : tentes individuelles ou doubles avec matelas, couette et coussin inclus.<\/li>\n<li>Vehicule 4*4 privatif avec chauffeur<\/li>\n<li>Accompagnateur touareg francophone (anglophone en option)<\/li>\n<li>Cuisiner<\/li>\n<li>Pension compl&egrave;te (petit d&eacute;jeuner, d&eacute;jeuner, d&icirc;ner)<\/li>\n<li>Entr&eacute;es dans le parc du tassili n&rsquo;ajjer<\/li>\n<\/ul>\n<p>&nbsp;<\/p>\n<h6 style=\"color: #a3a83f; text-transform: uppercase; font-size: 26px;\">Tour programme<\/h6>\n<p>Nous avons soigneusement planifi&eacute; chaque journ&eacute;e afin de vous offrir la meilleure exp&eacute;rience possible. De l&rsquo;exploration des sites historiques &agrave; la d&eacute;gustation de la d&eacute;licieuse cuisine locale, chaque journ&eacute;e est remplie d&rsquo;aventures et d&rsquo;&eacute;motions. Rejoignez-nous pour un voyage &agrave; travers certaines des destinations les plus fascinantes au monde.<\/p>\n\n","protected":false},"excerpt":{"rendered":"<p>Aventure saharienne \u00e0 Djanet : peintures rupestres, villages touaregs et randonn\u00e9es au c\u0153ur des oasis.<br data-start=\"102\" data-end=\"105\" \/>Nuits en bivouac sous les \u00e9toiles dans des sites naturels.<\/p>\n","protected":false},"featured_media":1463,"comment_status":"open","ping_status":"closed","template":"","meta":{"_acf_changed":false},"product_brand":[],"product_cat":[23],"product_tag":[],"class_list":{"0":"post-1980","1":"product","2":"type-product","3":"status-publish","4":"has-post-thumbnail","6":"product_cat-uncategorized","8":"first","9":"instock","10":"virtual","11":"purchasable","12":"product-type-simple"},"acf":[],"yoast_head":"<!-- This site is optimized with the Yoast SEO plugin v25.7 - https:\/\/yoast.com\/wordpress\/plugins\/seo\/ -->\n<title>DJAJNET IHERRIR - Karaba, l\u2019infini du d\u00e9sert<\/title>\n<meta name=\"robots\" content=\"index, follow, max-snippet:-1, max-image-preview:large, max-video-preview:-1\" \/>\n<link rel=\"canonical\" href=\"https:\/\/karabatours.com\/fr\/product\/djajnet-iherrir\/\" \/>\n<meta property=\"og:locale\" content=\"fr_FR\" \/>\n<meta property=\"og:type\" content=\"article\" \/>\n<meta property=\"og:title\" content=\"DJAJNET IHERRIR - Karaba, l\u2019infini du d\u00e9sert\" \/>\n<meta property=\"og:description\" content=\"Aventure saharienne \u00e0 Djanet : peintures rupestres, villages touaregs et randonn\u00e9es au c\u0153ur des oasis.Nuits en bivouac sous les \u00e9toiles dans des sites naturels.\" \/>\n<meta property=\"og:url\" content=\"https:\/\/karabatours.com\/fr\/product\/djajnet-iherrir\/\" \/>\n<meta property=\"og:site_name\" content=\"Karaba, l\u2019infini du d\u00e9sert\" \/>\n<meta property=\"article:modified_time\" content=\"2026-02-10T11:16:01+00:00\" \/>\n<meta property=\"og:image\" content=\"https:\/\/karabatours.com\/wp-content\/uploads\/2025\/07\/gallery-circuits-600x400-41.jpg\" \/>\n\t<meta property=\"og:image:width\" content=\"600\" \/>\n\t<meta property=\"og:image:height\" content=\"400\" \/>\n\t<meta property=\"og:image:type\" content=\"image\/jpeg\" \/>\n<meta name=\"twitter:card\" content=\"summary_large_image\" \/>\n<meta name=\"twitter:label1\" content=\"Dur\u00e9e de lecture estim\u00e9e\" \/>\n\t<meta name=\"twitter:data1\" content=\"2 minutes\" \/>\n<script type=\"application\/ld+json\" class=\"yoast-schema-graph\">{\"@context\":\"https:\/\/schema.org\",\"@graph\":[{\"@type\":\"WebPage\",\"@id\":\"https:\/\/karabatours.com\/product\/djajnet-iherrir\/\",\"url\":\"https:\/\/karabatours.com\/product\/djajnet-iherrir\/\",\"name\":\"DJAJNET IHERRIR - Karaba, l\u2019infini du d\u00e9sert\",\"isPartOf\":{\"@id\":\"https:\/\/karabatours.com\/#website\"},\"primaryImageOfPage\":{\"@id\":\"https:\/\/karabatours.com\/product\/djajnet-iherrir\/#primaryimage\"},\"image\":{\"@id\":\"https:\/\/karabatours.com\/product\/djajnet-iherrir\/#primaryimage\"},\"thumbnailUrl\":\"https:\/\/karabatours.com\/wp-content\/uploads\/2025\/07\/gallery-circuits-600x400-41.jpg\",\"datePublished\":\"2025-07-20T22:55:56+00:00\",\"dateModified\":\"2026-02-10T11:16:01+00:00\",\"breadcrumb\":{\"@id\":\"https:\/\/karabatours.com\/product\/djajnet-iherrir\/#breadcrumb\"},\"inLanguage\":\"fr-FR\",\"potentialAction\":[{\"@type\":\"ReadAction\",\"target\":[\"https:\/\/karabatours.com\/product\/djajnet-iherrir\/\"]}]},{\"@type\":\"ImageObject\",\"inLanguage\":\"fr-FR\",\"@id\":\"https:\/\/karabatours.com\/product\/djajnet-iherrir\/#primaryimage\",\"url\":\"https:\/\/karabatours.com\/wp-content\/uploads\/2025\/07\/gallery-circuits-600x400-41.jpg\",\"contentUrl\":\"https:\/\/karabatours.com\/wp-content\/uploads\/2025\/07\/gallery-circuits-600x400-41.jpg\",\"width\":600,\"height\":400},{\"@type\":\"BreadcrumbList\",\"@id\":\"https:\/\/karabatours.com\/product\/djajnet-iherrir\/#breadcrumb\",\"itemListElement\":[{\"@type\":\"ListItem\",\"position\":1,\"name\":\"Accueil\",\"item\":\"https:\/\/karabatours.com\/\"},{\"@type\":\"ListItem\",\"position\":2,\"name\":\"Shop\",\"item\":\"https:\/\/karabatours.com\/shop\/\"},{\"@type\":\"ListItem\",\"position\":3,\"name\":\"DJAJNET IHERRIR\"}]},{\"@type\":\"WebSite\",\"@id\":\"https:\/\/karabatours.com\/#website\",\"url\":\"https:\/\/karabatours.com\/\",\"name\":\"Karaba - une aventure, un voyage, l'infini du d\u00e9sert\",\"description\":\"\",\"publisher\":{\"@id\":\"https:\/\/karabatours.com\/#organization\"},\"potentialAction\":[{\"@type\":\"SearchAction\",\"target\":{\"@type\":\"EntryPoint\",\"urlTemplate\":\"https:\/\/karabatours.com\/?s={search_term_string}\"},\"query-input\":{\"@type\":\"PropertyValueSpecification\",\"valueRequired\":true,\"valueName\":\"search_term_string\"}}],\"inLanguage\":\"fr-FR\"},{\"@type\":\"Organization\",\"@id\":\"https:\/\/karabatours.com\/#organization\",\"name\":\"Karaba - une aventure, un voyage, l'infini du d\u00e9sert\",\"url\":\"https:\/\/karabatours.com\/\",\"logo\":{\"@type\":\"ImageObject\",\"inLanguage\":\"fr-FR\",\"@id\":\"https:\/\/karabatours.com\/#\/schema\/logo\/image\/\",\"url\":\"https:\/\/karabatours.com\/wp-content\/uploads\/2025\/05\/karaba-logo-1.png\",\"contentUrl\":\"https:\/\/karabatours.com\/wp-content\/uploads\/2025\/05\/karaba-logo-1.png\",\"width\":192,\"height\":183,\"caption\":\"Karaba - une aventure, un voyage, l'infini du d\u00e9sert\"},\"image\":{\"@id\":\"https:\/\/karabatours.com\/#\/schema\/logo\/image\/\"}}]}<\/script>\n<!-- \/ Yoast SEO plugin. -->","yoast_head_json":{"title":"DJAJNET IHERRIR - Karaba, l\u2019infini du d\u00e9sert","robots":{"index":"index","follow":"follow","max-snippet":"max-snippet:-1","max-image-preview":"max-image-preview:large","max-video-preview":"max-video-preview:-1"},"canonical":"https:\/\/karabatours.com\/fr\/product\/djajnet-iherrir\/","og_locale":"fr_FR","og_type":"article","og_title":"DJAJNET IHERRIR - Karaba, l\u2019infini du d\u00e9sert","og_description":"Aventure saharienne \u00e0 Djanet : peintures rupestres, villages touaregs et randonn\u00e9es au c\u0153ur des oasis.Nuits en bivouac sous les \u00e9toiles dans des sites naturels.","og_url":"https:\/\/karabatours.com\/fr\/product\/djajnet-iherrir\/","og_site_name":"Karaba, l\u2019infini du d\u00e9sert","article_modified_time":"2026-02-10T11:16:01+00:00","og_image":[{"width":600,"height":400,"url":"https:\/\/karabatours.com\/wp-content\/uploads\/2025\/07\/gallery-circuits-600x400-41.jpg","type":"image\/jpeg"}],"twitter_card":"summary_large_image","twitter_misc":{"Dur\u00e9e de lecture estim\u00e9e":"2 minutes"},"schema":{"@context":"https:\/\/schema.org","@graph":[{"@type":"WebPage","@id":"https:\/\/karabatours.com\/product\/djajnet-iherrir\/","url":"https:\/\/karabatours.com\/product\/djajnet-iherrir\/","name":"DJAJNET IHERRIR - Karaba, l\u2019infini du d\u00e9sert","isPartOf":{"@id":"https:\/\/karabatours.com\/#website"},"primaryImageOfPage":{"@id":"https:\/\/karabatours.com\/product\/djajnet-iherrir\/#primaryimage"},"image":{"@id":"https:\/\/karabatours.com\/product\/djajnet-iherrir\/#primaryimage"},"thumbnailUrl":"https:\/\/karabatours.com\/wp-content\/uploads\/2025\/07\/gallery-circuits-600x400-41.jpg","datePublished":"2025-07-20T22:55:56+00:00","dateModified":"2026-02-10T11:16:01+00:00","breadcrumb":{"@id":"https:\/\/karabatours.com\/product\/djajnet-iherrir\/#breadcrumb"},"inLanguage":"fr-FR","potentialAction":[{"@type":"ReadAction","target":["https:\/\/karabatours.com\/product\/djajnet-iherrir\/"]}]},{"@type":"ImageObject","inLanguage":"fr-FR","@id":"https:\/\/karabatours.com\/product\/djajnet-iherrir\/#primaryimage","url":"https:\/\/karabatours.com\/wp-content\/uploads\/2025\/07\/gallery-circuits-600x400-41.jpg","contentUrl":"https:\/\/karabatours.com\/wp-content\/uploads\/2025\/07\/gallery-circuits-600x400-41.jpg","width":600,"height":400},{"@type":"BreadcrumbList","@id":"https:\/\/karabatours.com\/product\/djajnet-iherrir\/#breadcrumb","itemListElement":[{"@type":"ListItem","position":1,"name":"Accueil","item":"https:\/\/karabatours.com\/"},{"@type":"ListItem","position":2,"name":"Shop","item":"https:\/\/karabatours.com\/shop\/"},{"@type":"ListItem","position":3,"name":"DJAJNET IHERRIR"}]},{"@type":"WebSite","@id":"https:\/\/karabatours.com\/#website","url":"https:\/\/karabatours.com\/","name":"Karaba - une aventure, un voyage, l'infini du d\u00e9sert","description":"","publisher":{"@id":"https:\/\/karabatours.com\/#organization"},"potentialAction":[{"@type":"SearchAction","target":{"@type":"EntryPoint","urlTemplate":"https:\/\/karabatours.com\/?s={search_term_string}"},"query-input":{"@type":"PropertyValueSpecification","valueRequired":true,"valueName":"search_term_string"}}],"inLanguage":"fr-FR"},{"@type":"Organization","@id":"https:\/\/karabatours.com\/#organization","name":"Karaba - une aventure, un voyage, l'infini du d\u00e9sert","url":"https:\/\/karabatours.com\/","logo":{"@type":"ImageObject","inLanguage":"fr-FR","@id":"https:\/\/karabatours.com\/#\/schema\/logo\/image\/","url":"https:\/\/karabatours.com\/wp-content\/uploads\/2025\/05\/karaba-logo-1.png","contentUrl":"https:\/\/karabatours.com\/wp-content\/uploads\/2025\/05\/karaba-logo-1.png","width":192,"height":183,"caption":"Karaba - une aventure, un voyage, l'infini du d\u00e9sert"},"image":{"@id":"https:\/\/karabatours.com\/#\/schema\/logo\/image\/"}}]}},"_links":{"self":[{"href":"https:\/\/karabatours.com\/fr\/wp-json\/wp\/v2\/product\/1980","targetHints":{"allow":["GET"]}}],"collection":[{"href":"https:\/\/karabatours.com\/fr\/wp-json\/wp\/v2\/product"}],"about":[{"href":"https:\/\/karabatours.com\/fr\/wp-json\/wp\/v2\/types\/product"}],"replies":[{"embeddable":true,"href":"https:\/\/karabatours.com\/fr\/wp-json\/wp\/v2\/comments?post=1980"}],"wp:featuredmedia":[{"embeddable":true,"href":"https:\/\/karabatours.com\/fr\/wp-json\/wp\/v2\/media\/1463"}],"wp:attachment":[{"href":"https:\/\/karabatours.com\/fr\/wp-json\/wp\/v2\/media?parent=1980"}],"wp:term":[{"taxonomy":"product_brand","embeddable":true,"href":"https:\/\/karabatours.com\/fr\/wp-json\/wp\/v2\/product_brand?post=1980"},{"taxonomy":"product_cat","embeddable":true,"href":"https:\/\/karabatours.com\/fr\/wp-json\/wp\/v2\/product_cat?post=1980"},{"taxonomy":"product_tag","embeddable":true,"href":"https:\/\/karabatours.com\/fr\/wp-json\/wp\/v2\/product_tag?post=1980"}],"curies":[{"name":"wp","href":"https:\/\/api.w.org\/{rel}","templated":true}]}}