{"id":1727,"date":"2025-07-20T11:11:45","date_gmt":"2025-07-20T11:11:45","guid":{"rendered":"https:\/\/darkgrey-otter-452932.hostingersite.com\/?post_type=product&#038;p=1727"},"modified":"2025-11-12T00:25:46","modified_gmt":"2025-11-12T00:25:46","slug":"timimoun","status":"publish","type":"product","link":"https:\/\/karabatours.com\/fr\/product\/timimoun\/","title":{"rendered":"Timimoun"},"content":{"rendered":"\n<?xml encoding=\"utf-8\" ?><p>D&eacute;couvrez Timimoun &agrave; travers un voyage riche en culture et en paysages sahariens. Le s&eacute;jour commence par un coucher de soleil magique &agrave; Aghlad, suivi de la visite des ksour d&rsquo;Ouled Sa&iuml;d, Faoun et Ighzer, symboles de l&rsquo;architecture saharienne. Vous explorerez ensuite la ville de Timimoun, son centre culturel en terre, son march&eacute; color&eacute; et vibrant, avant de partir en 4&times;4 &agrave; travers les dunes majestueuses du Grand Erg et du Petit Tassili, pour un th&eacute; au coucher du soleil.<\/p>\n<p>L&rsquo;aventure continue avec la d&eacute;couverte du village verdoyant de Tala, puis une randonn&eacute;e dans le d&eacute;sert d&rsquo;Aghlad pour admirer un panorama unique depuis la grande dune. Le s&eacute;jour se termine par une immersion dans les traditions locales avec la visite des ksour du village, une derni&egrave;re balade pour des souvenirs, et un retour plein d&rsquo;&eacute;motions vers Alger.<\/p>\n<h6 style=\"color: #a3a83f; text-transform: uppercase; font-size: 26px;\">TARIF DU S&Eacute;JOUR COMPRENANT<\/h6>\n<p>Pour vous aider &agrave; planifier votre voyage, nous avons pr&eacute;par&eacute; une liste de ce qui est inclus et de ce qui ne l&rsquo;est pas dans votre forfait. Cela vous donnera une compr&eacute;hension claire de ce &agrave; quoi vous attendre et vous aidera &agrave; prendre les dispositions n&eacute;cessaires avant le d&eacute;but de votre voyage.<\/p>\n<ul>\n<li>H&eacute;bergement en bivouac &ndash; confort : tentes individuelles ou doubles avec matelas, couette et coussin inclus.<\/li>\n<li>Vehicule 4*4 privatif avec chauffeur<\/li>\n<li>Accompagnateur touareg francophone (anglophone en option)<\/li>\n<li>Cuisiner<\/li>\n<li>Pension compl&egrave;te (petit d&eacute;jeuner, d&eacute;jeuner, d&icirc;ner)<\/li>\n<li>Entr&eacute;es dans le parc du tassili n&rsquo;ajjer<\/li>\n<\/ul>\n<p>&nbsp;<\/p>\n<h6 style=\"color: #a3a83f; text-transform: uppercase; font-size: 26px;\">Tour programme<\/h6>\n<p>Nous avons soigneusement planifi&eacute; chaque journ&eacute;e afin de vous offrir la meilleure exp&eacute;rience possible. De l&rsquo;exploration des sites historiques &agrave; la d&eacute;gustation de la d&eacute;licieuse cuisine locale, chaque journ&eacute;e est remplie d&rsquo;aventures et d&rsquo;&eacute;motions. Rejoignez-nous pour un voyage &agrave; travers certaines des destinations les plus fascinantes au monde.<\/p>\n\n","protected":false},"excerpt":{"rendered":"<p>Un s\u00e9jour immersif \u00e0 Timimoun entre culture et d\u00e9sert : d\u00e9couverte de ksour, balades dans la palmeraie et le march\u00e9, circuit en 4\u00d74 dans les dunes&#8230;<\/p>\n<div id=\"gtx-trans\" style=\"position: absolute; left: 1368px; top: 39px;\">\n<div class=\"gtx-trans-icon\"><\/div>\n<\/div>\n","protected":false},"featured_media":1457,"comment_status":"open","ping_status":"closed","template":"","meta":{"_acf_changed":false},"product_brand":[],"product_cat":[23],"product_tag":[],"class_list":{"0":"post-1727","1":"product","2":"type-product","3":"status-publish","4":"has-post-thumbnail","6":"product_cat-uncategorized","8":"first","9":"instock","10":"virtual","11":"purchasable","12":"product-type-simple"},"acf":[],"yoast_head":"<!-- This site is optimized with the Yoast SEO plugin v25.7 - https:\/\/yoast.com\/wordpress\/plugins\/seo\/ -->\n<title>Timimoun - Karaba, l\u2019infini du d\u00e9sert<\/title>\n<meta name=\"robots\" content=\"index, follow, max-snippet:-1, max-image-preview:large, max-video-preview:-1\" \/>\n<link rel=\"canonical\" href=\"https:\/\/karabatours.com\/fr\/product\/timimoun\/\" \/>\n<meta property=\"og:locale\" content=\"fr_FR\" \/>\n<meta property=\"og:type\" content=\"article\" \/>\n<meta property=\"og:title\" content=\"Timimoun - Karaba, l\u2019infini du d\u00e9sert\" \/>\n<meta property=\"og:description\" content=\"Un s\u00e9jour immersif \u00e0 Timimoun entre culture et d\u00e9sert : d\u00e9couverte de ksour, balades dans la palmeraie et le march\u00e9, circuit en 4\u00d74 dans les dunes...\" \/>\n<meta property=\"og:url\" content=\"https:\/\/karabatours.com\/fr\/product\/timimoun\/\" \/>\n<meta property=\"og:site_name\" content=\"Karaba, l\u2019infini du d\u00e9sert\" \/>\n<meta property=\"article:modified_time\" content=\"2025-11-12T00:25:46+00:00\" \/>\n<meta property=\"og:image\" content=\"https:\/\/karabatours.com\/wp-content\/uploads\/2025\/07\/1FH_2012-1.jpg\" \/>\n\t<meta property=\"og:image:width\" content=\"1500\" \/>\n\t<meta property=\"og:image:height\" content=\"999\" \/>\n\t<meta property=\"og:image:type\" content=\"image\/jpeg\" \/>\n<meta name=\"twitter:card\" content=\"summary_large_image\" \/>\n<meta name=\"twitter:label1\" content=\"Dur\u00e9e de lecture estim\u00e9e\" \/>\n\t<meta name=\"twitter:data1\" content=\"2 minutes\" \/>\n<script type=\"application\/ld+json\" class=\"yoast-schema-graph\">{\"@context\":\"https:\/\/schema.org\",\"@graph\":[{\"@type\":\"WebPage\",\"@id\":\"https:\/\/karabatours.com\/product\/timimoun\/\",\"url\":\"https:\/\/karabatours.com\/product\/timimoun\/\",\"name\":\"Timimoun - Karaba, l\u2019infini du d\u00e9sert\",\"isPartOf\":{\"@id\":\"https:\/\/karabatours.com\/#website\"},\"primaryImageOfPage\":{\"@id\":\"https:\/\/karabatours.com\/product\/timimoun\/#primaryimage\"},\"image\":{\"@id\":\"https:\/\/karabatours.com\/product\/timimoun\/#primaryimage\"},\"thumbnailUrl\":\"https:\/\/karabatours.com\/wp-content\/uploads\/2025\/07\/1FH_2012-1.jpg\",\"datePublished\":\"2025-07-20T11:11:45+00:00\",\"dateModified\":\"2025-11-12T00:25:46+00:00\",\"breadcrumb\":{\"@id\":\"https:\/\/karabatours.com\/product\/timimoun\/#breadcrumb\"},\"inLanguage\":\"fr-FR\",\"potentialAction\":[{\"@type\":\"ReadAction\",\"target\":[\"https:\/\/karabatours.com\/product\/timimoun\/\"]}]},{\"@type\":\"ImageObject\",\"inLanguage\":\"fr-FR\",\"@id\":\"https:\/\/karabatours.com\/product\/timimoun\/#primaryimage\",\"url\":\"https:\/\/karabatours.com\/wp-content\/uploads\/2025\/07\/1FH_2012-1.jpg\",\"contentUrl\":\"https:\/\/karabatours.com\/wp-content\/uploads\/2025\/07\/1FH_2012-1.jpg\",\"width\":1500,\"height\":999},{\"@type\":\"BreadcrumbList\",\"@id\":\"https:\/\/karabatours.com\/product\/timimoun\/#breadcrumb\",\"itemListElement\":[{\"@type\":\"ListItem\",\"position\":1,\"name\":\"Accueil\",\"item\":\"https:\/\/karabatours.com\/\"},{\"@type\":\"ListItem\",\"position\":2,\"name\":\"Shop\",\"item\":\"https:\/\/karabatours.com\/shop\/\"},{\"@type\":\"ListItem\",\"position\":3,\"name\":\"Timimoun\"}]},{\"@type\":\"WebSite\",\"@id\":\"https:\/\/karabatours.com\/#website\",\"url\":\"https:\/\/karabatours.com\/\",\"name\":\"Karaba - une aventure, un voyage, l'infini du d\u00e9sert\",\"description\":\"\",\"publisher\":{\"@id\":\"https:\/\/karabatours.com\/#organization\"},\"potentialAction\":[{\"@type\":\"SearchAction\",\"target\":{\"@type\":\"EntryPoint\",\"urlTemplate\":\"https:\/\/karabatours.com\/?s={search_term_string}\"},\"query-input\":{\"@type\":\"PropertyValueSpecification\",\"valueRequired\":true,\"valueName\":\"search_term_string\"}}],\"inLanguage\":\"fr-FR\"},{\"@type\":\"Organization\",\"@id\":\"https:\/\/karabatours.com\/#organization\",\"name\":\"Karaba - une aventure, un voyage, l'infini du d\u00e9sert\",\"url\":\"https:\/\/karabatours.com\/\",\"logo\":{\"@type\":\"ImageObject\",\"inLanguage\":\"fr-FR\",\"@id\":\"https:\/\/karabatours.com\/#\/schema\/logo\/image\/\",\"url\":\"https:\/\/karabatours.com\/wp-content\/uploads\/2025\/05\/karaba-logo-1.png\",\"contentUrl\":\"https:\/\/karabatours.com\/wp-content\/uploads\/2025\/05\/karaba-logo-1.png\",\"width\":192,\"height\":183,\"caption\":\"Karaba - une aventure, un voyage, l'infini du d\u00e9sert\"},\"image\":{\"@id\":\"https:\/\/karabatours.com\/#\/schema\/logo\/image\/\"}}]}<\/script>\n<!-- \/ Yoast SEO plugin. -->","yoast_head_json":{"title":"Timimoun - Karaba, l\u2019infini du d\u00e9sert","robots":{"index":"index","follow":"follow","max-snippet":"max-snippet:-1","max-image-preview":"max-image-preview:large","max-video-preview":"max-video-preview:-1"},"canonical":"https:\/\/karabatours.com\/fr\/product\/timimoun\/","og_locale":"fr_FR","og_type":"article","og_title":"Timimoun - Karaba, l\u2019infini du d\u00e9sert","og_description":"Un s\u00e9jour immersif \u00e0 Timimoun entre culture et d\u00e9sert : d\u00e9couverte de ksour, balades dans la palmeraie et le march\u00e9, circuit en 4\u00d74 dans les dunes...","og_url":"https:\/\/karabatours.com\/fr\/product\/timimoun\/","og_site_name":"Karaba, l\u2019infini du d\u00e9sert","article_modified_time":"2025-11-12T00:25:46+00:00","og_image":[{"width":1500,"height":999,"url":"https:\/\/karabatours.com\/wp-content\/uploads\/2025\/07\/1FH_2012-1.jpg","type":"image\/jpeg"}],"twitter_card":"summary_large_image","twitter_misc":{"Dur\u00e9e de lecture estim\u00e9e":"2 minutes"},"schema":{"@context":"https:\/\/schema.org","@graph":[{"@type":"WebPage","@id":"https:\/\/karabatours.com\/product\/timimoun\/","url":"https:\/\/karabatours.com\/product\/timimoun\/","name":"Timimoun - Karaba, l\u2019infini du d\u00e9sert","isPartOf":{"@id":"https:\/\/karabatours.com\/#website"},"primaryImageOfPage":{"@id":"https:\/\/karabatours.com\/product\/timimoun\/#primaryimage"},"image":{"@id":"https:\/\/karabatours.com\/product\/timimoun\/#primaryimage"},"thumbnailUrl":"https:\/\/karabatours.com\/wp-content\/uploads\/2025\/07\/1FH_2012-1.jpg","datePublished":"2025-07-20T11:11:45+00:00","dateModified":"2025-11-12T00:25:46+00:00","breadcrumb":{"@id":"https:\/\/karabatours.com\/product\/timimoun\/#breadcrumb"},"inLanguage":"fr-FR","potentialAction":[{"@type":"ReadAction","target":["https:\/\/karabatours.com\/product\/timimoun\/"]}]},{"@type":"ImageObject","inLanguage":"fr-FR","@id":"https:\/\/karabatours.com\/product\/timimoun\/#primaryimage","url":"https:\/\/karabatours.com\/wp-content\/uploads\/2025\/07\/1FH_2012-1.jpg","contentUrl":"https:\/\/karabatours.com\/wp-content\/uploads\/2025\/07\/1FH_2012-1.jpg","width":1500,"height":999},{"@type":"BreadcrumbList","@id":"https:\/\/karabatours.com\/product\/timimoun\/#breadcrumb","itemListElement":[{"@type":"ListItem","position":1,"name":"Accueil","item":"https:\/\/karabatours.com\/"},{"@type":"ListItem","position":2,"name":"Shop","item":"https:\/\/karabatours.com\/shop\/"},{"@type":"ListItem","position":3,"name":"Timimoun"}]},{"@type":"WebSite","@id":"https:\/\/karabatours.com\/#website","url":"https:\/\/karabatours.com\/","name":"Karaba - une aventure, un voyage, l'infini du d\u00e9sert","description":"","publisher":{"@id":"https:\/\/karabatours.com\/#organization"},"potentialAction":[{"@type":"SearchAction","target":{"@type":"EntryPoint","urlTemplate":"https:\/\/karabatours.com\/?s={search_term_string}"},"query-input":{"@type":"PropertyValueSpecification","valueRequired":true,"valueName":"search_term_string"}}],"inLanguage":"fr-FR"},{"@type":"Organization","@id":"https:\/\/karabatours.com\/#organization","name":"Karaba - une aventure, un voyage, l'infini du d\u00e9sert","url":"https:\/\/karabatours.com\/","logo":{"@type":"ImageObject","inLanguage":"fr-FR","@id":"https:\/\/karabatours.com\/#\/schema\/logo\/image\/","url":"https:\/\/karabatours.com\/wp-content\/uploads\/2025\/05\/karaba-logo-1.png","contentUrl":"https:\/\/karabatours.com\/wp-content\/uploads\/2025\/05\/karaba-logo-1.png","width":192,"height":183,"caption":"Karaba - une aventure, un voyage, l'infini du d\u00e9sert"},"image":{"@id":"https:\/\/karabatours.com\/#\/schema\/logo\/image\/"}}]}},"_links":{"self":[{"href":"https:\/\/karabatours.com\/fr\/wp-json\/wp\/v2\/product\/1727","targetHints":{"allow":["GET"]}}],"collection":[{"href":"https:\/\/karabatours.com\/fr\/wp-json\/wp\/v2\/product"}],"about":[{"href":"https:\/\/karabatours.com\/fr\/wp-json\/wp\/v2\/types\/product"}],"replies":[{"embeddable":true,"href":"https:\/\/karabatours.com\/fr\/wp-json\/wp\/v2\/comments?post=1727"}],"wp:featuredmedia":[{"embeddable":true,"href":"https:\/\/karabatours.com\/fr\/wp-json\/wp\/v2\/media\/1457"}],"wp:attachment":[{"href":"https:\/\/karabatours.com\/fr\/wp-json\/wp\/v2\/media?parent=1727"}],"wp:term":[{"taxonomy":"product_brand","embeddable":true,"href":"https:\/\/karabatours.com\/fr\/wp-json\/wp\/v2\/product_brand?post=1727"},{"taxonomy":"product_cat","embeddable":true,"href":"https:\/\/karabatours.com\/fr\/wp-json\/wp\/v2\/product_cat?post=1727"},{"taxonomy":"product_tag","embeddable":true,"href":"https:\/\/karabatours.com\/fr\/wp-json\/wp\/v2\/product_tag?post=1727"}],"curies":[{"name":"wp","href":"https:\/\/api.w.org\/{rel}","templated":true}]}}