{"id":3248,"date":"2025-09-17T14:22:03","date_gmt":"2025-09-17T14:22:03","guid":{"rendered":"https:\/\/karaba.informatikab.com\/?post_type=product&#038;p=3248"},"modified":"2026-02-10T10:49:45","modified_gmt":"2026-02-10T10:49:45","slug":"alger-djanet","status":"publish","type":"product","link":"https:\/\/karabatours.com\/de\/product\/alger-djanet\/","title":{"rendered":"Algier \/ Djanet"},"content":{"rendered":"<?xml encoding=\"utf-8\" ?><p>Face &agrave; la M&eacute;diterran&eacute;e, Alger &eacute;blouit par sa lumi&egrave;re, ses fa&ccedil;ades blanches et son &acirc;me contrast&eacute;e. Entre la Casbah class&eacute;e &agrave; l&rsquo;UNESCO, les palais ottomans, les boulevards haussmanniens et les galeries d&rsquo;art contemporain, la capitale alg&eacute;rienne est &agrave; la fois moderne et ancestrale. Alger vibre, respire, se r&eacute;invente. Une ville vivante &agrave; d&eacute;couvrir intens&eacute;ment.<\/p>\n<h6 style=\"color: #a3a83f; text-transform: uppercase; font-size: 26px;\">PREIS F\u00dcR DEN AUFENTHALT BESTEHEND AUS<\/h6>\n<p>Um Ihnen bei der Planung Ihrer Reise zu helfen, haben wir eine Liste zusammengestellt, die aufzeigt, was in Ihrem Reisepaket enthalten ist und was nicht. Dies gibt Ihnen ein klares Verst\u00e4ndnis davon, was Sie erwarten k\u00f6nnen, und hilft Ihnen, vor Beginn Ihrer Reise die notwendigen Vorkehrungen zu treffen.<\/p>\n<ul>\n<li>Billet d&rsquo;avion Gen&egrave;ve Alger \/ ALG GNV<\/li>\n<li>Billet d&rsquo;avion Alger Djanet \/ DNT ALG<\/li>\n<li>Transfert a&eacute;roport tiska ville Djanet (aller retour)<\/li>\n<li>Frais d&rsquo;h&eacute;bergement bivouac<\/li>\n<li>Frais de transfert de 4&times;4 ou dromadaire vers les sites<\/li>\n<li>Nahrungsmittel<\/li>\n<li>Reisef\u00fchrer<\/li>\n<li>Frais d&rsquo;entr&eacute;e au parc national Azjjer<\/li>\n<\/ul>\n<p>&nbsp;<\/p>\n<h6 style=\"color: #a3a83f; text-transform: uppercase; font-size: 26px;\">Tour Programm<\/h6>\n<p>Wir haben jeden Tag sorgf\u00e4ltig geplant, um Ihnen das bestm\u00f6gliche Erlebnis zu bieten. Von der Erkundung historischer St\u00e4tten bis hin zur Verkostung der k\u00f6stlichen lokalen K\u00fcche - jeder Tag ist voller Abenteuer und Emotionen. Begleiten Sie uns auf einer Reise durch einige der faszinierendsten Reiseziele der Welt.<\/p>","protected":false},"excerpt":{"rendered":"<p>Die dem Mittelmeer zugewandte Stadt Algier blendet mit ihrem Licht, ihren wei\u00dfen Fassaden und ihrer kontrastreichen Seele. Zwischen der von der UNESCO gesch\u00fctzten Kasbah, den osmanischen Pal\u00e4sten<\/p>","protected":false},"featured_media":3249,"comment_status":"open","ping_status":"closed","template":"","meta":{"_acf_changed":false},"product_brand":[],"product_cat":[23],"product_tag":[],"class_list":{"0":"post-3248","1":"product","2":"type-product","3":"status-publish","4":"has-post-thumbnail","6":"product_cat-uncategorized","8":"first","9":"instock","10":"virtual","11":"purchasable","12":"product-type-simple"},"acf":[],"yoast_head":"<!-- This site is optimized with the Yoast SEO plugin v25.7 - https:\/\/yoast.com\/wordpress\/plugins\/seo\/ -->\n<title>Alger \/ Djanet - Karaba, l\u2019infini du d\u00e9sert<\/title>\n<meta name=\"robots\" content=\"index, follow, max-snippet:-1, max-image-preview:large, max-video-preview:-1\" \/>\n<link rel=\"canonical\" href=\"https:\/\/karabatours.com\/de\/product\/alger-djanet\/\" \/>\n<meta property=\"og:locale\" content=\"de_DE\" \/>\n<meta property=\"og:type\" content=\"article\" \/>\n<meta property=\"og:title\" content=\"Alger \/ Djanet - Karaba, l\u2019infini du d\u00e9sert\" \/>\n<meta property=\"og:description\" content=\"Face \u00e0 la M\u00e9diterran\u00e9e, Alger \u00e9blouit par sa lumi\u00e8re, ses fa\u00e7ades blanches et son \u00e2me contrast\u00e9e. Entre la Casbah class\u00e9e \u00e0 l\u2019UNESCO, les palais ottomans\" \/>\n<meta property=\"og:url\" content=\"https:\/\/karabatours.com\/de\/product\/alger-djanet\/\" \/>\n<meta property=\"og:site_name\" content=\"Karaba, l\u2019infini du d\u00e9sert\" \/>\n<meta property=\"article:modified_time\" content=\"2026-02-10T10:49:45+00:00\" \/>\n<meta name=\"twitter:card\" content=\"summary_large_image\" \/>\n<meta name=\"twitter:label1\" content=\"Gesch\u00e4tzte Lesezeit\" \/>\n\t<meta name=\"twitter:data1\" content=\"2\u00a0Minuten\" \/>\n<script type=\"application\/ld+json\" class=\"yoast-schema-graph\">{\"@context\":\"https:\/\/schema.org\",\"@graph\":[{\"@type\":\"WebPage\",\"@id\":\"https:\/\/karabatours.com\/product\/alger-djanet\/\",\"url\":\"https:\/\/karabatours.com\/product\/alger-djanet\/\",\"name\":\"Alger \/ Djanet - Karaba, l\u2019infini du d\u00e9sert\",\"isPartOf\":{\"@id\":\"https:\/\/karabatours.com\/#website\"},\"primaryImageOfPage\":{\"@id\":\"https:\/\/karabatours.com\/product\/alger-djanet\/#primaryimage\"},\"image\":{\"@id\":\"https:\/\/karabatours.com\/product\/alger-djanet\/#primaryimage\"},\"thumbnailUrl\":\"https:\/\/karabatours.com\/wp-content\/uploads\/2025\/09\/Night-view-of-Algiers-waterfront-with-glowing-lights.avif\",\"datePublished\":\"2025-09-17T14:22:03+00:00\",\"dateModified\":\"2026-02-10T10:49:45+00:00\",\"breadcrumb\":{\"@id\":\"https:\/\/karabatours.com\/product\/alger-djanet\/#breadcrumb\"},\"inLanguage\":\"de\",\"potentialAction\":[{\"@type\":\"ReadAction\",\"target\":[\"https:\/\/karabatours.com\/product\/alger-djanet\/\"]}]},{\"@type\":\"ImageObject\",\"inLanguage\":\"de\",\"@id\":\"https:\/\/karabatours.com\/product\/alger-djanet\/#primaryimage\",\"url\":\"https:\/\/karabatours.com\/wp-content\/uploads\/2025\/09\/Night-view-of-Algiers-waterfront-with-glowing-lights.avif\",\"contentUrl\":\"https:\/\/karabatours.com\/wp-content\/uploads\/2025\/09\/Night-view-of-Algiers-waterfront-with-glowing-lights.avif\",\"width\":1024,\"height\":1024,\"caption\":\"Night view of Algiers waterfront with glowing lights.\"},{\"@type\":\"BreadcrumbList\",\"@id\":\"https:\/\/karabatours.com\/product\/alger-djanet\/#breadcrumb\",\"itemListElement\":[{\"@type\":\"ListItem\",\"position\":1,\"name\":\"Accueil\",\"item\":\"https:\/\/karabatours.com\/\"},{\"@type\":\"ListItem\",\"position\":2,\"name\":\"Shop\",\"item\":\"https:\/\/karabatours.com\/shop\/\"},{\"@type\":\"ListItem\",\"position\":3,\"name\":\"Alger \/ Djanet\"}]},{\"@type\":\"WebSite\",\"@id\":\"https:\/\/karabatours.com\/#website\",\"url\":\"https:\/\/karabatours.com\/\",\"name\":\"Karaba - une aventure, un voyage, l'infini du d\u00e9sert\",\"description\":\"\",\"publisher\":{\"@id\":\"https:\/\/karabatours.com\/#organization\"},\"potentialAction\":[{\"@type\":\"SearchAction\",\"target\":{\"@type\":\"EntryPoint\",\"urlTemplate\":\"https:\/\/karabatours.com\/?s={search_term_string}\"},\"query-input\":{\"@type\":\"PropertyValueSpecification\",\"valueRequired\":true,\"valueName\":\"search_term_string\"}}],\"inLanguage\":\"de\"},{\"@type\":\"Organization\",\"@id\":\"https:\/\/karabatours.com\/#organization\",\"name\":\"Karaba - une aventure, un voyage, l'infini du d\u00e9sert\",\"url\":\"https:\/\/karabatours.com\/\",\"logo\":{\"@type\":\"ImageObject\",\"inLanguage\":\"de\",\"@id\":\"https:\/\/karabatours.com\/#\/schema\/logo\/image\/\",\"url\":\"https:\/\/karabatours.com\/wp-content\/uploads\/2025\/05\/karaba-logo-1.png\",\"contentUrl\":\"https:\/\/karabatours.com\/wp-content\/uploads\/2025\/05\/karaba-logo-1.png\",\"width\":192,\"height\":183,\"caption\":\"Karaba - une aventure, un voyage, l'infini du d\u00e9sert\"},\"image\":{\"@id\":\"https:\/\/karabatours.com\/#\/schema\/logo\/image\/\"}}]}<\/script>\n<!-- \/ Yoast SEO plugin. -->","yoast_head_json":{"title":"Algier \/ Djanet - Karaba, die Unendlichkeit der W\u00fcste","robots":{"index":"index","follow":"follow","max-snippet":"max-snippet:-1","max-image-preview":"max-image-preview:large","max-video-preview":"max-video-preview:-1"},"canonical":"https:\/\/karabatours.com\/de\/product\/alger-djanet\/","og_locale":"de_DE","og_type":"article","og_title":"Alger \/ Djanet - Karaba, l\u2019infini du d\u00e9sert","og_description":"Face \u00e0 la M\u00e9diterran\u00e9e, Alger \u00e9blouit par sa lumi\u00e8re, ses fa\u00e7ades blanches et son \u00e2me contrast\u00e9e. Entre la Casbah class\u00e9e \u00e0 l\u2019UNESCO, les palais ottomans","og_url":"https:\/\/karabatours.com\/de\/product\/alger-djanet\/","og_site_name":"Karaba, l\u2019infini du d\u00e9sert","article_modified_time":"2026-02-10T10:49:45+00:00","twitter_card":"summary_large_image","twitter_misc":{"Gesch\u00e4tzte Lesezeit":"2\u00a0Minuten"},"schema":{"@context":"https:\/\/schema.org","@graph":[{"@type":"WebPage","@id":"https:\/\/karabatours.com\/product\/alger-djanet\/","url":"https:\/\/karabatours.com\/product\/alger-djanet\/","name":"Algier \/ Djanet - Karaba, die Unendlichkeit der W\u00fcste","isPartOf":{"@id":"https:\/\/karabatours.com\/#website"},"primaryImageOfPage":{"@id":"https:\/\/karabatours.com\/product\/alger-djanet\/#primaryimage"},"image":{"@id":"https:\/\/karabatours.com\/product\/alger-djanet\/#primaryimage"},"thumbnailUrl":"https:\/\/karabatours.com\/wp-content\/uploads\/2025\/09\/Night-view-of-Algiers-waterfront-with-glowing-lights.avif","datePublished":"2025-09-17T14:22:03+00:00","dateModified":"2026-02-10T10:49:45+00:00","breadcrumb":{"@id":"https:\/\/karabatours.com\/product\/alger-djanet\/#breadcrumb"},"inLanguage":"de","potentialAction":[{"@type":"ReadAction","target":["https:\/\/karabatours.com\/product\/alger-djanet\/"]}]},{"@type":"ImageObject","inLanguage":"de","@id":"https:\/\/karabatours.com\/product\/alger-djanet\/#primaryimage","url":"https:\/\/karabatours.com\/wp-content\/uploads\/2025\/09\/Night-view-of-Algiers-waterfront-with-glowing-lights.avif","contentUrl":"https:\/\/karabatours.com\/wp-content\/uploads\/2025\/09\/Night-view-of-Algiers-waterfront-with-glowing-lights.avif","width":1024,"height":1024,"caption":"Night view of Algiers waterfront with glowing lights."},{"@type":"BreadcrumbList","@id":"https:\/\/karabatours.com\/product\/alger-djanet\/#breadcrumb","itemListElement":[{"@type":"ListItem","position":1,"name":"Accueil","item":"https:\/\/karabatours.com\/"},{"@type":"ListItem","position":2,"name":"Shop","item":"https:\/\/karabatours.com\/shop\/"},{"@type":"ListItem","position":3,"name":"Alger \/ Djanet"}]},{"@type":"WebSite","@id":"https:\/\/karabatours.com\/#website","url":"https:\/\/karabatours.com\/","name":"Karaba - ein Abenteuer, eine Reise, die Unendlichkeit der W\u00fcste","description":"","publisher":{"@id":"https:\/\/karabatours.com\/#organization"},"potentialAction":[{"@type":"SearchAction","target":{"@type":"EntryPoint","urlTemplate":"https:\/\/karabatours.com\/?s={search_term_string}"},"query-input":{"@type":"PropertyValueSpecification","valueRequired":true,"valueName":"search_term_string"}}],"inLanguage":"de"},{"@type":"Organization","@id":"https:\/\/karabatours.com\/#organization","name":"Karaba - ein Abenteuer, eine Reise, die Unendlichkeit der W\u00fcste","url":"https:\/\/karabatours.com\/","logo":{"@type":"ImageObject","inLanguage":"de","@id":"https:\/\/karabatours.com\/#\/schema\/logo\/image\/","url":"https:\/\/karabatours.com\/wp-content\/uploads\/2025\/05\/karaba-logo-1.png","contentUrl":"https:\/\/karabatours.com\/wp-content\/uploads\/2025\/05\/karaba-logo-1.png","width":192,"height":183,"caption":"Karaba - une aventure, un voyage, l'infini du d\u00e9sert"},"image":{"@id":"https:\/\/karabatours.com\/#\/schema\/logo\/image\/"}}]}},"_links":{"self":[{"href":"https:\/\/karabatours.com\/de\/wp-json\/wp\/v2\/product\/3248","targetHints":{"allow":["GET"]}}],"collection":[{"href":"https:\/\/karabatours.com\/de\/wp-json\/wp\/v2\/product"}],"about":[{"href":"https:\/\/karabatours.com\/de\/wp-json\/wp\/v2\/types\/product"}],"replies":[{"embeddable":true,"href":"https:\/\/karabatours.com\/de\/wp-json\/wp\/v2\/comments?post=3248"}],"wp:featuredmedia":[{"embeddable":true,"href":"https:\/\/karabatours.com\/de\/wp-json\/wp\/v2\/media\/3249"}],"wp:attachment":[{"href":"https:\/\/karabatours.com\/de\/wp-json\/wp\/v2\/media?parent=3248"}],"wp:term":[{"taxonomy":"product_brand","embeddable":true,"href":"https:\/\/karabatours.com\/de\/wp-json\/wp\/v2\/product_brand?post=3248"},{"taxonomy":"product_cat","embeddable":true,"href":"https:\/\/karabatours.com\/de\/wp-json\/wp\/v2\/product_cat?post=3248"},{"taxonomy":"product_tag","embeddable":true,"href":"https:\/\/karabatours.com\/de\/wp-json\/wp\/v2\/product_tag?post=3248"}],"curies":[{"name":"wp","href":"https:\/\/api.w.org\/{rel}","templated":true}]}}