{"id":1982,"date":"2025-07-20T22:57:38","date_gmt":"2025-07-20T22:57:38","guid":{"rendered":"https:\/\/darkgrey-otter-452932.hostingersite.com\/?post_type=product&#038;p=1982"},"modified":"2026-02-10T10:52:18","modified_gmt":"2026-02-10T10:52:18","slug":"djanet-tadrart-rot","status":"publish","type":"product","link":"https:\/\/karabatours.com\/de\/product\/djanet-tadrart-rot\/","title":{"rendered":"DJANET TADRART ROT"},"content":{"rendered":"<?xml encoding=\"utf-8\" ?><p>Erkunden Sie eines der sch\u00f6nsten Gebirge der Sahara auf diesem Abenteuer zum Roten Tadrart. Nach einer Nacht im Biwak in Djanet fahren Sie mit dem Gel\u00e4ndewagen durch die spektakul\u00e4ren Landschaften von El Berdj, In Djaren und die Sandsteinkathedralen von Moul Naga. Jeder Halt bietet Ihnen atemberaubende Ausblicke auf die beeindruckenden geologischen Formationen.<\/p>\n<p>Sie fahren weiter bis zum Erg de Merzouga, besuchen die Gravuren von T\u00e9h\u00e9 Tahoussait und bewundern den Bogen von In Tihak. Diese Tour ist ein wahres Konzentrat aus Naturwundern, roten D\u00fcnen, Felsenst\u00e4tten und menschlichen Begegnungen. Sie wird mit einem musikalischen Abend in Djanet vor der R\u00fcckreise abgeschlossen.<\/p>\n<h6 style=\"color: #a3a83f; text-transform: uppercase; font-size: 26px;\">PREIS F\u00dcR DEN AUFENTHALT BESTEHEND AUS<\/h6>\n<p>Um Ihnen bei der Planung Ihrer Reise zu helfen, haben wir eine Liste zusammengestellt, die aufzeigt, was in Ihrem Reisepaket enthalten ist und was nicht. Dies gibt Ihnen ein klares Verst\u00e4ndnis davon, was Sie erwarten k\u00f6nnen, und hilft Ihnen, vor Beginn Ihrer Reise die notwendigen Vorkehrungen zu treffen.<\/p>\n<ul>\n<li>Billet d&rsquo;avion Gen&egrave;ve Alger \/ ALG GNV<\/li>\n<li>Billet d&rsquo;avion Alger Djanet \/ DNT ALG<\/li>\n<li>H&eacute;bergement en bivouac &ndash; confort : tentes individuelles ou doubles avec matelas, couette et coussin inclus.<\/li>\n<li>V&eacute;hicule 4*4 privatif avec chauffeur<\/li>\n<li>Deutschsprachiger Tuareg-Begleiter (optional englischsprachig)<\/li>\n<li>Kochen<\/li>\n<li>Vollpension (Fr\u00fchst\u00fcck, Mittagessen, Abendessen)<\/li>\n<li>Entr&eacute;es dans le parc du tassili N&rsquo;ajjer<\/li>\n<\/ul>\n<h6 style=\"color: #a3a83f; text-transform: uppercase; font-size: 26px;\">Tour Programm<\/h6>\n<p>Wir haben jeden Tag sorgf\u00e4ltig geplant, um Ihnen das bestm\u00f6gliche Erlebnis zu bieten. Von der Erkundung historischer St\u00e4tten bis hin zur Verkostung der k\u00f6stlichen lokalen K\u00fcche - jeder Tag ist voller Abenteuer und Emotionen. Begleiten Sie uns auf einer Reise durch einige der faszinierendsten Reiseziele der Welt.<\/p>","protected":false},"excerpt":{"rendered":"<p>Saharische Expedition in die Tadrart Rouge: spektakul\u00e4re Landschaften, Canyons, Sandsteinkathedralen und die roten D\u00fcnen von Merzouga.<\/p>","protected":false},"featured_media":1465,"comment_status":"open","ping_status":"closed","template":"","meta":{"_acf_changed":false},"product_brand":[],"product_cat":[23],"product_tag":[],"class_list":{"0":"post-1982","1":"product","2":"type-product","3":"status-publish","4":"has-post-thumbnail","6":"product_cat-uncategorized","8":"first","9":"instock","10":"virtual","11":"purchasable","12":"product-type-simple"},"acf":[],"yoast_head":"<!-- This site is optimized with the Yoast SEO plugin v25.7 - https:\/\/yoast.com\/wordpress\/plugins\/seo\/ -->\n<title>DJANET TADRART ROUGE - Karaba, l\u2019infini du d\u00e9sert<\/title>\n<meta name=\"robots\" content=\"index, follow, max-snippet:-1, max-image-preview:large, max-video-preview:-1\" \/>\n<link rel=\"canonical\" href=\"https:\/\/karabatours.com\/de\/product\/djanet-tadrart-rot\/\" \/>\n<meta property=\"og:locale\" content=\"de_DE\" \/>\n<meta property=\"og:type\" content=\"article\" \/>\n<meta property=\"og:title\" content=\"DJANET TADRART ROUGE - Karaba, l\u2019infini du d\u00e9sert\" \/>\n<meta property=\"og:description\" content=\"Exp\u00e9dition saharienne \u00e0 Tadrart Rouge : paysages spectaculaires, canyons, cath\u00e9drales de gr\u00e8s et dunes rouges de Merzouga.\" \/>\n<meta property=\"og:url\" content=\"https:\/\/karabatours.com\/de\/product\/djanet-tadrart-rot\/\" \/>\n<meta property=\"og:site_name\" content=\"Karaba, l\u2019infini du d\u00e9sert\" \/>\n<meta property=\"article:modified_time\" content=\"2026-02-10T10:52:18+00:00\" \/>\n<meta property=\"og:image\" content=\"https:\/\/karabatours.com\/wp-content\/uploads\/2025\/07\/o8ure104mpx26mqnmyg1.webp\" \/>\n\t<meta property=\"og:image:width\" content=\"1440\" \/>\n\t<meta property=\"og:image:height\" content=\"900\" \/>\n\t<meta property=\"og:image:type\" content=\"image\/webp\" \/>\n<meta name=\"twitter:card\" content=\"summary_large_image\" \/>\n<meta name=\"twitter:label1\" content=\"Gesch\u00e4tzte Lesezeit\" \/>\n\t<meta name=\"twitter:data1\" content=\"2\u00a0Minuten\" \/>\n<script type=\"application\/ld+json\" class=\"yoast-schema-graph\">{\"@context\":\"https:\/\/schema.org\",\"@graph\":[{\"@type\":\"WebPage\",\"@id\":\"https:\/\/karabatours.com\/product\/djanet-tadrart-rouge\/\",\"url\":\"https:\/\/karabatours.com\/product\/djanet-tadrart-rouge\/\",\"name\":\"DJANET TADRART ROUGE - Karaba, l\u2019infini du d\u00e9sert\",\"isPartOf\":{\"@id\":\"https:\/\/karabatours.com\/#website\"},\"primaryImageOfPage\":{\"@id\":\"https:\/\/karabatours.com\/product\/djanet-tadrart-rouge\/#primaryimage\"},\"image\":{\"@id\":\"https:\/\/karabatours.com\/product\/djanet-tadrart-rouge\/#primaryimage\"},\"thumbnailUrl\":\"https:\/\/karabatours.com\/wp-content\/uploads\/2025\/07\/o8ure104mpx26mqnmyg1.webp\",\"datePublished\":\"2025-07-20T22:57:38+00:00\",\"dateModified\":\"2026-02-10T10:52:18+00:00\",\"breadcrumb\":{\"@id\":\"https:\/\/karabatours.com\/product\/djanet-tadrart-rouge\/#breadcrumb\"},\"inLanguage\":\"de\",\"potentialAction\":[{\"@type\":\"ReadAction\",\"target\":[\"https:\/\/karabatours.com\/product\/djanet-tadrart-rouge\/\"]}]},{\"@type\":\"ImageObject\",\"inLanguage\":\"de\",\"@id\":\"https:\/\/karabatours.com\/product\/djanet-tadrart-rouge\/#primaryimage\",\"url\":\"https:\/\/karabatours.com\/wp-content\/uploads\/2025\/07\/o8ure104mpx26mqnmyg1.webp\",\"contentUrl\":\"https:\/\/karabatours.com\/wp-content\/uploads\/2025\/07\/o8ure104mpx26mqnmyg1.webp\",\"width\":1440,\"height\":900},{\"@type\":\"BreadcrumbList\",\"@id\":\"https:\/\/karabatours.com\/product\/djanet-tadrart-rouge\/#breadcrumb\",\"itemListElement\":[{\"@type\":\"ListItem\",\"position\":1,\"name\":\"Accueil\",\"item\":\"https:\/\/karabatours.com\/\"},{\"@type\":\"ListItem\",\"position\":2,\"name\":\"Shop\",\"item\":\"https:\/\/karabatours.com\/shop\/\"},{\"@type\":\"ListItem\",\"position\":3,\"name\":\"DJANET TADRART ROUGE\"}]},{\"@type\":\"WebSite\",\"@id\":\"https:\/\/karabatours.com\/#website\",\"url\":\"https:\/\/karabatours.com\/\",\"name\":\"Karaba - une aventure, un voyage, l'infini du d\u00e9sert\",\"description\":\"\",\"publisher\":{\"@id\":\"https:\/\/karabatours.com\/#organization\"},\"potentialAction\":[{\"@type\":\"SearchAction\",\"target\":{\"@type\":\"EntryPoint\",\"urlTemplate\":\"https:\/\/karabatours.com\/?s={search_term_string}\"},\"query-input\":{\"@type\":\"PropertyValueSpecification\",\"valueRequired\":true,\"valueName\":\"search_term_string\"}}],\"inLanguage\":\"de\"},{\"@type\":\"Organization\",\"@id\":\"https:\/\/karabatours.com\/#organization\",\"name\":\"Karaba - une aventure, un voyage, l'infini du d\u00e9sert\",\"url\":\"https:\/\/karabatours.com\/\",\"logo\":{\"@type\":\"ImageObject\",\"inLanguage\":\"de\",\"@id\":\"https:\/\/karabatours.com\/#\/schema\/logo\/image\/\",\"url\":\"https:\/\/karabatours.com\/wp-content\/uploads\/2025\/05\/karaba-logo-1.png\",\"contentUrl\":\"https:\/\/karabatours.com\/wp-content\/uploads\/2025\/05\/karaba-logo-1.png\",\"width\":192,\"height\":183,\"caption\":\"Karaba - une aventure, un voyage, l'infini du d\u00e9sert\"},\"image\":{\"@id\":\"https:\/\/karabatours.com\/#\/schema\/logo\/image\/\"}}]}<\/script>\n<!-- \/ Yoast SEO plugin. -->","yoast_head_json":{"title":"DJANET TADRART ROUGE - Karaba, die Unendlichkeit der W\u00fcste","robots":{"index":"index","follow":"follow","max-snippet":"max-snippet:-1","max-image-preview":"max-image-preview:large","max-video-preview":"max-video-preview:-1"},"canonical":"https:\/\/karabatours.com\/de\/product\/djanet-tadrart-rot\/","og_locale":"de_DE","og_type":"article","og_title":"DJANET TADRART ROUGE - Karaba, l\u2019infini du d\u00e9sert","og_description":"Exp\u00e9dition saharienne \u00e0 Tadrart Rouge : paysages spectaculaires, canyons, cath\u00e9drales de gr\u00e8s et dunes rouges de Merzouga.","og_url":"https:\/\/karabatours.com\/de\/product\/djanet-tadrart-rot\/","og_site_name":"Karaba, l\u2019infini du d\u00e9sert","article_modified_time":"2026-02-10T10:52:18+00:00","og_image":[{"width":1440,"height":900,"url":"https:\/\/karabatours.com\/wp-content\/uploads\/2025\/07\/o8ure104mpx26mqnmyg1.webp","type":"image\/webp"}],"twitter_card":"summary_large_image","twitter_misc":{"Gesch\u00e4tzte Lesezeit":"2\u00a0Minuten"},"schema":{"@context":"https:\/\/schema.org","@graph":[{"@type":"WebPage","@id":"https:\/\/karabatours.com\/product\/djanet-tadrart-rouge\/","url":"https:\/\/karabatours.com\/product\/djanet-tadrart-rouge\/","name":"DJANET TADRART ROUGE - Karaba, die Unendlichkeit der W\u00fcste","isPartOf":{"@id":"https:\/\/karabatours.com\/#website"},"primaryImageOfPage":{"@id":"https:\/\/karabatours.com\/product\/djanet-tadrart-rouge\/#primaryimage"},"image":{"@id":"https:\/\/karabatours.com\/product\/djanet-tadrart-rouge\/#primaryimage"},"thumbnailUrl":"https:\/\/karabatours.com\/wp-content\/uploads\/2025\/07\/o8ure104mpx26mqnmyg1.webp","datePublished":"2025-07-20T22:57:38+00:00","dateModified":"2026-02-10T10:52:18+00:00","breadcrumb":{"@id":"https:\/\/karabatours.com\/product\/djanet-tadrart-rouge\/#breadcrumb"},"inLanguage":"de","potentialAction":[{"@type":"ReadAction","target":["https:\/\/karabatours.com\/product\/djanet-tadrart-rouge\/"]}]},{"@type":"ImageObject","inLanguage":"de","@id":"https:\/\/karabatours.com\/product\/djanet-tadrart-rouge\/#primaryimage","url":"https:\/\/karabatours.com\/wp-content\/uploads\/2025\/07\/o8ure104mpx26mqnmyg1.webp","contentUrl":"https:\/\/karabatours.com\/wp-content\/uploads\/2025\/07\/o8ure104mpx26mqnmyg1.webp","width":1440,"height":900},{"@type":"BreadcrumbList","@id":"https:\/\/karabatours.com\/product\/djanet-tadrart-rouge\/#breadcrumb","itemListElement":[{"@type":"ListItem","position":1,"name":"Accueil","item":"https:\/\/karabatours.com\/"},{"@type":"ListItem","position":2,"name":"Shop","item":"https:\/\/karabatours.com\/shop\/"},{"@type":"ListItem","position":3,"name":"DJANET TADRART ROUGE"}]},{"@type":"WebSite","@id":"https:\/\/karabatours.com\/#website","url":"https:\/\/karabatours.com\/","name":"Karaba - ein Abenteuer, eine Reise, die Unendlichkeit der W\u00fcste","description":"","publisher":{"@id":"https:\/\/karabatours.com\/#organization"},"potentialAction":[{"@type":"SearchAction","target":{"@type":"EntryPoint","urlTemplate":"https:\/\/karabatours.com\/?s={search_term_string}"},"query-input":{"@type":"PropertyValueSpecification","valueRequired":true,"valueName":"search_term_string"}}],"inLanguage":"de"},{"@type":"Organization","@id":"https:\/\/karabatours.com\/#organization","name":"Karaba - ein Abenteuer, eine Reise, die Unendlichkeit der W\u00fcste","url":"https:\/\/karabatours.com\/","logo":{"@type":"ImageObject","inLanguage":"de","@id":"https:\/\/karabatours.com\/#\/schema\/logo\/image\/","url":"https:\/\/karabatours.com\/wp-content\/uploads\/2025\/05\/karaba-logo-1.png","contentUrl":"https:\/\/karabatours.com\/wp-content\/uploads\/2025\/05\/karaba-logo-1.png","width":192,"height":183,"caption":"Karaba - une aventure, un voyage, l'infini du d\u00e9sert"},"image":{"@id":"https:\/\/karabatours.com\/#\/schema\/logo\/image\/"}}]}},"_links":{"self":[{"href":"https:\/\/karabatours.com\/de\/wp-json\/wp\/v2\/product\/1982","targetHints":{"allow":["GET"]}}],"collection":[{"href":"https:\/\/karabatours.com\/de\/wp-json\/wp\/v2\/product"}],"about":[{"href":"https:\/\/karabatours.com\/de\/wp-json\/wp\/v2\/types\/product"}],"replies":[{"embeddable":true,"href":"https:\/\/karabatours.com\/de\/wp-json\/wp\/v2\/comments?post=1982"}],"wp:featuredmedia":[{"embeddable":true,"href":"https:\/\/karabatours.com\/de\/wp-json\/wp\/v2\/media\/1465"}],"wp:attachment":[{"href":"https:\/\/karabatours.com\/de\/wp-json\/wp\/v2\/media?parent=1982"}],"wp:term":[{"taxonomy":"product_brand","embeddable":true,"href":"https:\/\/karabatours.com\/de\/wp-json\/wp\/v2\/product_brand?post=1982"},{"taxonomy":"product_cat","embeddable":true,"href":"https:\/\/karabatours.com\/de\/wp-json\/wp\/v2\/product_cat?post=1982"},{"taxonomy":"product_tag","embeddable":true,"href":"https:\/\/karabatours.com\/de\/wp-json\/wp\/v2\/product_tag?post=1982"}],"curies":[{"name":"wp","href":"https:\/\/api.w.org\/{rel}","templated":true}]}}