{"id":1980,"date":"2025-07-20T22:55:56","date_gmt":"2025-07-20T22:55:56","guid":{"rendered":"https:\/\/darkgrey-otter-452932.hostingersite.com\/?post_type=product&#038;p=1980"},"modified":"2026-02-10T11:16:01","modified_gmt":"2026-02-10T11:16:01","slug":"djajnet-iherrir","status":"publish","type":"product","link":"https:\/\/karabatours.com\/de\/product\/djajnet-iherrir\/","title":{"rendered":"DJAJNET IHERRIR"},"content":{"rendered":"<?xml encoding=\"utf-8\" ?><p>Diese Rundreise f\u00fchrt Sie von Djanet zu den abgelegenen Oasen von Ihrir durch die abwechslungsreichen Landschaften des Tassili n'Ajjer. Nach Ihrer Ankunft erkunden Sie die Felsenst\u00e4tten Taghen und Aloukou, bevor Sie das Tuareg-Dorf Ihrir erreichen, das in einen spektakul\u00e4ren Canyon eingebettet ist. Die N\u00e4chte verbringen Sie im Biwak oder in einer traditionellen Unterkunft, wo Sie den Bewohnern am n\u00e4chsten kommen.<\/p>\n<p>Zwischen Wanderungen durch die von Oleanderb\u00fcschen ges\u00e4umten Wadis, den Gravuren von Tin Tagharit und der Erkundung der gro\u00dfen Dider-Ebenen f\u00fchrt Sie dieses Abenteuer durch die tausendj\u00e4hrige Geschichte der Sahara. Jede Etappe ist gepr\u00e4gt von der Natur, der Tuareg-Kultur und den arch\u00e4ologischen Sch\u00e4tzen der W\u00fcste.<\/p>\n<h6 style=\"color: #a3a83f; text-transform: uppercase; font-size: 26px;\">PREIS F\u00dcR DEN AUFENTHALT BESTEHEND AUS<\/h6>\n<p>Um Ihnen bei der Planung Ihrer Reise zu helfen, haben wir eine Liste zusammengestellt, die aufzeigt, was in Ihrem Reisepaket enthalten ist und was nicht. Dies gibt Ihnen ein klares Verst\u00e4ndnis davon, was Sie erwarten k\u00f6nnen, und hilft Ihnen, vor Beginn Ihrer Reise die notwendigen Vorkehrungen zu treffen.<\/p>\n<ul>\n<li>H&eacute;bergement en bivouac &ndash; confort : tentes individuelles ou doubles avec matelas, couette et coussin inclus.<\/li>\n<li>Privater 4*4-Fahrzeug mit Fahrer<\/li>\n<li>Deutschsprachiger Tuareg-Begleiter (optional englischsprachig)<\/li>\n<li>Kochen<\/li>\n<li>Vollpension (Fr\u00fchst\u00fcck, Mittagessen, Abendessen)<\/li>\n<li>Entr&eacute;es dans le parc du tassili n&rsquo;ajjer<\/li>\n<\/ul>\n<p>&nbsp;<\/p>\n<h6 style=\"color: #a3a83f; text-transform: uppercase; font-size: 26px;\">Tour Programm<\/h6>\n<p>Wir haben jeden Tag sorgf\u00e4ltig geplant, um Ihnen das bestm\u00f6gliche Erlebnis zu bieten. Von der Erkundung historischer St\u00e4tten bis hin zur Verkostung der k\u00f6stlichen lokalen K\u00fcche - jeder Tag ist voller Abenteuer und Emotionen. Begleiten Sie uns auf einer Reise durch einige der faszinierendsten Reiseziele der Welt.<\/p>","protected":false},"excerpt":{"rendered":"<p>Saharisches Abenteuer in Djanet: Felsmalereien, Tuareg-D\u00f6rfer und Wanderungen im Herzen der Oasen.<br data-start=\"102\" data-end=\"105\" \/>Nuits en bivouac sous les \u00e9toiles dans des sites naturels.<\/p>","protected":false},"featured_media":1463,"comment_status":"open","ping_status":"closed","template":"","meta":{"_acf_changed":false},"product_brand":[],"product_cat":[23],"product_tag":[],"class_list":{"0":"post-1980","1":"product","2":"type-product","3":"status-publish","4":"has-post-thumbnail","6":"product_cat-uncategorized","8":"first","9":"instock","10":"virtual","11":"purchasable","12":"product-type-simple"},"acf":[],"yoast_head":"<!-- This site is optimized with the Yoast SEO plugin v25.7 - https:\/\/yoast.com\/wordpress\/plugins\/seo\/ -->\n<title>DJAJNET IHERRIR - Karaba, l\u2019infini du d\u00e9sert<\/title>\n<meta name=\"robots\" content=\"index, follow, max-snippet:-1, max-image-preview:large, max-video-preview:-1\" \/>\n<link rel=\"canonical\" href=\"https:\/\/karabatours.com\/de\/product\/djajnet-iherrir\/\" \/>\n<meta property=\"og:locale\" content=\"de_DE\" \/>\n<meta property=\"og:type\" content=\"article\" \/>\n<meta property=\"og:title\" content=\"DJAJNET IHERRIR - Karaba, l\u2019infini du d\u00e9sert\" \/>\n<meta property=\"og:description\" content=\"Aventure saharienne \u00e0 Djanet : peintures rupestres, villages touaregs et randonn\u00e9es au c\u0153ur des oasis.Nuits en bivouac sous les \u00e9toiles dans des sites naturels.\" \/>\n<meta property=\"og:url\" content=\"https:\/\/karabatours.com\/de\/product\/djajnet-iherrir\/\" \/>\n<meta property=\"og:site_name\" content=\"Karaba, l\u2019infini du d\u00e9sert\" \/>\n<meta property=\"article:modified_time\" content=\"2026-02-10T11:16:01+00:00\" \/>\n<meta property=\"og:image\" content=\"https:\/\/karabatours.com\/wp-content\/uploads\/2025\/07\/gallery-circuits-600x400-41.jpg\" \/>\n\t<meta property=\"og:image:width\" content=\"600\" \/>\n\t<meta property=\"og:image:height\" content=\"400\" \/>\n\t<meta property=\"og:image:type\" content=\"image\/jpeg\" \/>\n<meta name=\"twitter:card\" content=\"summary_large_image\" \/>\n<meta name=\"twitter:label1\" content=\"Gesch\u00e4tzte Lesezeit\" \/>\n\t<meta name=\"twitter:data1\" content=\"2\u00a0Minuten\" \/>\n<script type=\"application\/ld+json\" class=\"yoast-schema-graph\">{\"@context\":\"https:\/\/schema.org\",\"@graph\":[{\"@type\":\"WebPage\",\"@id\":\"https:\/\/karabatours.com\/product\/djajnet-iherrir\/\",\"url\":\"https:\/\/karabatours.com\/product\/djajnet-iherrir\/\",\"name\":\"DJAJNET IHERRIR - Karaba, l\u2019infini du d\u00e9sert\",\"isPartOf\":{\"@id\":\"https:\/\/karabatours.com\/#website\"},\"primaryImageOfPage\":{\"@id\":\"https:\/\/karabatours.com\/product\/djajnet-iherrir\/#primaryimage\"},\"image\":{\"@id\":\"https:\/\/karabatours.com\/product\/djajnet-iherrir\/#primaryimage\"},\"thumbnailUrl\":\"https:\/\/karabatours.com\/wp-content\/uploads\/2025\/07\/gallery-circuits-600x400-41.jpg\",\"datePublished\":\"2025-07-20T22:55:56+00:00\",\"dateModified\":\"2026-02-10T11:16:01+00:00\",\"breadcrumb\":{\"@id\":\"https:\/\/karabatours.com\/product\/djajnet-iherrir\/#breadcrumb\"},\"inLanguage\":\"de\",\"potentialAction\":[{\"@type\":\"ReadAction\",\"target\":[\"https:\/\/karabatours.com\/product\/djajnet-iherrir\/\"]}]},{\"@type\":\"ImageObject\",\"inLanguage\":\"de\",\"@id\":\"https:\/\/karabatours.com\/product\/djajnet-iherrir\/#primaryimage\",\"url\":\"https:\/\/karabatours.com\/wp-content\/uploads\/2025\/07\/gallery-circuits-600x400-41.jpg\",\"contentUrl\":\"https:\/\/karabatours.com\/wp-content\/uploads\/2025\/07\/gallery-circuits-600x400-41.jpg\",\"width\":600,\"height\":400},{\"@type\":\"BreadcrumbList\",\"@id\":\"https:\/\/karabatours.com\/product\/djajnet-iherrir\/#breadcrumb\",\"itemListElement\":[{\"@type\":\"ListItem\",\"position\":1,\"name\":\"Accueil\",\"item\":\"https:\/\/karabatours.com\/\"},{\"@type\":\"ListItem\",\"position\":2,\"name\":\"Shop\",\"item\":\"https:\/\/karabatours.com\/shop\/\"},{\"@type\":\"ListItem\",\"position\":3,\"name\":\"DJAJNET IHERRIR\"}]},{\"@type\":\"WebSite\",\"@id\":\"https:\/\/karabatours.com\/#website\",\"url\":\"https:\/\/karabatours.com\/\",\"name\":\"Karaba - une aventure, un voyage, l'infini du d\u00e9sert\",\"description\":\"\",\"publisher\":{\"@id\":\"https:\/\/karabatours.com\/#organization\"},\"potentialAction\":[{\"@type\":\"SearchAction\",\"target\":{\"@type\":\"EntryPoint\",\"urlTemplate\":\"https:\/\/karabatours.com\/?s={search_term_string}\"},\"query-input\":{\"@type\":\"PropertyValueSpecification\",\"valueRequired\":true,\"valueName\":\"search_term_string\"}}],\"inLanguage\":\"de\"},{\"@type\":\"Organization\",\"@id\":\"https:\/\/karabatours.com\/#organization\",\"name\":\"Karaba - une aventure, un voyage, l'infini du d\u00e9sert\",\"url\":\"https:\/\/karabatours.com\/\",\"logo\":{\"@type\":\"ImageObject\",\"inLanguage\":\"de\",\"@id\":\"https:\/\/karabatours.com\/#\/schema\/logo\/image\/\",\"url\":\"https:\/\/karabatours.com\/wp-content\/uploads\/2025\/05\/karaba-logo-1.png\",\"contentUrl\":\"https:\/\/karabatours.com\/wp-content\/uploads\/2025\/05\/karaba-logo-1.png\",\"width\":192,\"height\":183,\"caption\":\"Karaba - une aventure, un voyage, l'infini du d\u00e9sert\"},\"image\":{\"@id\":\"https:\/\/karabatours.com\/#\/schema\/logo\/image\/\"}}]}<\/script>\n<!-- \/ Yoast SEO plugin. -->","yoast_head_json":{"title":"DJAJNET IHERRIR - Karaba, die Unendlichkeit der W\u00fcste","robots":{"index":"index","follow":"follow","max-snippet":"max-snippet:-1","max-image-preview":"max-image-preview:large","max-video-preview":"max-video-preview:-1"},"canonical":"https:\/\/karabatours.com\/de\/product\/djajnet-iherrir\/","og_locale":"de_DE","og_type":"article","og_title":"DJAJNET IHERRIR - Karaba, l\u2019infini du d\u00e9sert","og_description":"Aventure saharienne \u00e0 Djanet : peintures rupestres, villages touaregs et randonn\u00e9es au c\u0153ur des oasis.Nuits en bivouac sous les \u00e9toiles dans des sites naturels.","og_url":"https:\/\/karabatours.com\/de\/product\/djajnet-iherrir\/","og_site_name":"Karaba, l\u2019infini du d\u00e9sert","article_modified_time":"2026-02-10T11:16:01+00:00","og_image":[{"width":600,"height":400,"url":"https:\/\/karabatours.com\/wp-content\/uploads\/2025\/07\/gallery-circuits-600x400-41.jpg","type":"image\/jpeg"}],"twitter_card":"summary_large_image","twitter_misc":{"Gesch\u00e4tzte Lesezeit":"2\u00a0Minuten"},"schema":{"@context":"https:\/\/schema.org","@graph":[{"@type":"WebPage","@id":"https:\/\/karabatours.com\/product\/djajnet-iherrir\/","url":"https:\/\/karabatours.com\/product\/djajnet-iherrir\/","name":"DJAJNET IHERRIR - Karaba, die Unendlichkeit der W\u00fcste","isPartOf":{"@id":"https:\/\/karabatours.com\/#website"},"primaryImageOfPage":{"@id":"https:\/\/karabatours.com\/product\/djajnet-iherrir\/#primaryimage"},"image":{"@id":"https:\/\/karabatours.com\/product\/djajnet-iherrir\/#primaryimage"},"thumbnailUrl":"https:\/\/karabatours.com\/wp-content\/uploads\/2025\/07\/gallery-circuits-600x400-41.jpg","datePublished":"2025-07-20T22:55:56+00:00","dateModified":"2026-02-10T11:16:01+00:00","breadcrumb":{"@id":"https:\/\/karabatours.com\/product\/djajnet-iherrir\/#breadcrumb"},"inLanguage":"de","potentialAction":[{"@type":"ReadAction","target":["https:\/\/karabatours.com\/product\/djajnet-iherrir\/"]}]},{"@type":"ImageObject","inLanguage":"de","@id":"https:\/\/karabatours.com\/product\/djajnet-iherrir\/#primaryimage","url":"https:\/\/karabatours.com\/wp-content\/uploads\/2025\/07\/gallery-circuits-600x400-41.jpg","contentUrl":"https:\/\/karabatours.com\/wp-content\/uploads\/2025\/07\/gallery-circuits-600x400-41.jpg","width":600,"height":400},{"@type":"BreadcrumbList","@id":"https:\/\/karabatours.com\/product\/djajnet-iherrir\/#breadcrumb","itemListElement":[{"@type":"ListItem","position":1,"name":"Accueil","item":"https:\/\/karabatours.com\/"},{"@type":"ListItem","position":2,"name":"Shop","item":"https:\/\/karabatours.com\/shop\/"},{"@type":"ListItem","position":3,"name":"DJAJNET IHERRIR"}]},{"@type":"WebSite","@id":"https:\/\/karabatours.com\/#website","url":"https:\/\/karabatours.com\/","name":"Karaba - ein Abenteuer, eine Reise, die Unendlichkeit der W\u00fcste","description":"","publisher":{"@id":"https:\/\/karabatours.com\/#organization"},"potentialAction":[{"@type":"SearchAction","target":{"@type":"EntryPoint","urlTemplate":"https:\/\/karabatours.com\/?s={search_term_string}"},"query-input":{"@type":"PropertyValueSpecification","valueRequired":true,"valueName":"search_term_string"}}],"inLanguage":"de"},{"@type":"Organization","@id":"https:\/\/karabatours.com\/#organization","name":"Karaba - ein Abenteuer, eine Reise, die Unendlichkeit der W\u00fcste","url":"https:\/\/karabatours.com\/","logo":{"@type":"ImageObject","inLanguage":"de","@id":"https:\/\/karabatours.com\/#\/schema\/logo\/image\/","url":"https:\/\/karabatours.com\/wp-content\/uploads\/2025\/05\/karaba-logo-1.png","contentUrl":"https:\/\/karabatours.com\/wp-content\/uploads\/2025\/05\/karaba-logo-1.png","width":192,"height":183,"caption":"Karaba - une aventure, un voyage, l'infini du d\u00e9sert"},"image":{"@id":"https:\/\/karabatours.com\/#\/schema\/logo\/image\/"}}]}},"_links":{"self":[{"href":"https:\/\/karabatours.com\/de\/wp-json\/wp\/v2\/product\/1980","targetHints":{"allow":["GET"]}}],"collection":[{"href":"https:\/\/karabatours.com\/de\/wp-json\/wp\/v2\/product"}],"about":[{"href":"https:\/\/karabatours.com\/de\/wp-json\/wp\/v2\/types\/product"}],"replies":[{"embeddable":true,"href":"https:\/\/karabatours.com\/de\/wp-json\/wp\/v2\/comments?post=1980"}],"wp:featuredmedia":[{"embeddable":true,"href":"https:\/\/karabatours.com\/de\/wp-json\/wp\/v2\/media\/1463"}],"wp:attachment":[{"href":"https:\/\/karabatours.com\/de\/wp-json\/wp\/v2\/media?parent=1980"}],"wp:term":[{"taxonomy":"product_brand","embeddable":true,"href":"https:\/\/karabatours.com\/de\/wp-json\/wp\/v2\/product_brand?post=1980"},{"taxonomy":"product_cat","embeddable":true,"href":"https:\/\/karabatours.com\/de\/wp-json\/wp\/v2\/product_cat?post=1980"},{"taxonomy":"product_tag","embeddable":true,"href":"https:\/\/karabatours.com\/de\/wp-json\/wp\/v2\/product_tag?post=1980"}],"curies":[{"name":"wp","href":"https:\/\/api.w.org\/{rel}","templated":true}]}}