{"id":347,"date":"2025-05-05T18:24:54","date_gmt":"2025-05-05T18:24:54","guid":{"rendered":"https:\/\/darkgrey-otter-452932.hostingersite.com\/?page_id=347"},"modified":"2025-11-17T15:14:27","modified_gmt":"2025-11-17T15:14:27","slug":"kontaktieren","status":"publish","type":"page","link":"https:\/\/karabatours.com\/de\/kontaktieren\/","title":{"rendered":"Kontaktieren Sie uns"},"content":{"rendered":"<?xml encoding=\"utf-8\" ?><div data-elementor-type=\"wp-page\" data-elementor-id=\"347\" class=\"elementor elementor-347\" data-elementor-post-type=\"page\">\n\t\t\t\t<div class=\"elementor-element elementor-element-d7c6ae1 krab-bg-dark-2 e-flex e-con-boxed e-con e-parent\" data-id=\"d7c6ae1\" data-element_type=\"container\" data-settings='{\"background_background\":\"classic\"}'>\n\t\t\t\t\t<div class=\"e-con-inner\">\n\t\t\t\t<div class=\"elementor-element elementor-element-0dba85f elementor-widget__width-inherit krab-text-dark-green elementor-widget elementor-widget-heading\" data-id=\"0dba85f\" data-element_type=\"widget\" data-widget_type=\"heading.default\">\n\t\t\t\t<div class=\"elementor-widget-container\">\n\t\t\t\t\t<h1 class=\"elementor-heading-title elementor-size-default\">Kontaktieren Sie uns<\/h1>\t\t\t\t<\/div>\n\t\t\t\t<\/div>\n\t\t\t\t\t<\/div>\n\t\t\t\t<\/div>\n\t\t<div class=\"elementor-element elementor-element-4fa47a1e krab-bg-dark e-flex e-con-boxed e-con e-parent\" data-id=\"4fa47a1e\" data-element_type=\"container\" data-settings='{\"background_background\":\"classic\"}'>\n\t\t\t\t\t<div class=\"e-con-inner\">\n\t\t<div class=\"elementor-element elementor-element-4e372526 e-con-full e-flex e-con e-child\" data-id=\"4e372526\" data-element_type=\"container\">\n\t\t<div class=\"elementor-element elementor-element-4f3f2f8d e-con-full e-flex e-con e-child\" data-id=\"4f3f2f8d\" data-element_type=\"container\">\n\t\t<div class=\"elementor-element elementor-element-60eedea4 e-con-full e-flex e-con e-child\" data-id=\"60eedea4\" data-element_type=\"container\" data-settings='{\"background_background\":\"classic\"}'>\n\t\t\t\t<div class=\"elementor-element elementor-element-67cee7fa elementor-view-default elementor-widget elementor-widget-icon\" data-id=\"67cee7fa\" data-element_type=\"widget\" data-widget_type=\"icon.default\">\n\t\t\t\t<div class=\"elementor-widget-container\">\n\t\t\t\t\t\t\t<div class=\"elementor-icon-wrapper\">\n\t\t\t<a class=\"elementor-icon\" href=\"#\">\n\t\t\t<svg aria-hidden=\"true\" class=\"e-font-icon-svg e-fas-phone-alt\" viewbox=\"0 0 512 512\" xmlns=\"http:\/\/www.w3.org\/2000\/svg\"><path d=\"M497.39 361.8l-112-48a24 24 0 0 0-28 6.9l-49.6 60.6A370.66 370.66 0 0 1 130.6 204.11l60.6-49.6a23.94 23.94 0 0 0 6.9-28l-48-112A24.16 24.16 0 0 0 122.6.61l-104 24A24 24 0 0 0 0 48c0 256.5 207.9 464 464 464a24 24 0 0 0 23.4-18.6l24-104a24.29 24.29 0 0 0-14.01-27.6z\"><\/path><\/svg>\t\t\t<\/a>\n\t\t<\/div>\n\t\t\t\t\t\t<\/div>\n\t\t\t\t<\/div>\n\t\t<div class=\"elementor-element elementor-element-57a20c64 e-con-full e-flex e-con e-child\" data-id=\"57a20c64\" data-element_type=\"container\">\n\t\t\t\t<div class=\"elementor-element elementor-element-694b9693 elementor-widget elementor-widget-heading\" data-id=\"694b9693\" data-element_type=\"widget\" data-widget_type=\"heading.default\">\n\t\t\t\t<div class=\"elementor-widget-container\">\n\t\t\t\t\t<h2 class=\"elementor-heading-title elementor-size-default\">Telefon<\/h2>\t\t\t\t<\/div>\n\t\t\t\t<\/div>\n\t\t\t\t<div class=\"elementor-element elementor-element-74bc7ec1 elementor-widget elementor-widget-heading\" data-id=\"74bc7ec1\" data-element_type=\"widget\" data-widget_type=\"heading.default\">\n\t\t\t\t<div class=\"elementor-widget-container\">\n\t\t\t\t\t<h6 class=\"elementor-heading-title elementor-size-default\">+41 77 980 55 46 <br>+41 77 986 44 52<\/h6>\t\t\t\t<\/div>\n\t\t\t\t<\/div>\n\t\t\t\t<\/div>\n\t\t\t\t<\/div>\n\t\t<div class=\"elementor-element elementor-element-4defd7f2 e-con-full e-flex e-con e-child\" data-id=\"4defd7f2\" data-element_type=\"container\" data-settings='{\"background_background\":\"classic\"}'>\n\t\t\t\t<div class=\"elementor-element elementor-element-180c36e5 elementor-view-default elementor-widget elementor-widget-icon\" data-id=\"180c36e5\" data-element_type=\"widget\" data-widget_type=\"icon.default\">\n\t\t\t\t<div class=\"elementor-widget-container\">\n\t\t\t\t\t\t\t<div class=\"elementor-icon-wrapper\">\n\t\t\t<div class=\"elementor-icon\">\n\t\t\t<svg aria-hidden=\"true\" class=\"e-font-icon-svg e-fas-envelope\" viewbox=\"0 0 512 512\" xmlns=\"http:\/\/www.w3.org\/2000\/svg\"><path d=\"M502.3 190.8c3.9-3.1 9.7-.2 9.7 4.7V400c0 26.5-21.5 48-48 48H48c-26.5 0-48-21.5-48-48V195.6c0-5 5.7-7.8 9.7-4.7 22.4 17.4 52.1 39.5 154.1 113.6 21.1 15.4 56.7 47.8 92.2 47.6 35.7.3 72-32.8 92.3-47.6 102-74.1 131.6-96.3 154-113.7zM256 320c23.2.4 56.6-29.2 73.4-41.4 132.7-96.3 142.8-104.7 173.4-128.7 5.8-4.5 9.2-11.5 9.2-18.9v-19c0-26.5-21.5-48-48-48H48C21.5 64 0 85.5 0 112v19c0 7.4 3.4 14.3 9.2 18.9 30.6 23.9 40.7 32.4 173.4 128.7 16.8 12.2 50.2 41.8 73.4 41.4z\"><\/path><\/svg>\t\t\t<\/div>\n\t\t<\/div>\n\t\t\t\t\t\t<\/div>\n\t\t\t\t<\/div>\n\t\t<div class=\"elementor-element elementor-element-327b4885 e-con-full e-flex e-con e-child\" data-id=\"327b4885\" data-element_type=\"container\">\n\t\t\t\t<div class=\"elementor-element elementor-element-3be41bdc elementor-widget elementor-widget-heading\" data-id=\"3be41bdc\" data-element_type=\"widget\" data-widget_type=\"heading.default\">\n\t\t\t\t<div class=\"elementor-widget-container\">\n\t\t\t\t\t<h3 class=\"elementor-heading-title elementor-size-default\">E-Mail<\/h3>\t\t\t\t<\/div>\n\t\t\t\t<\/div>\n\t\t\t\t<div class=\"elementor-element elementor-element-1fdecebd elementor-widget elementor-widget-heading\" data-id=\"1fdecebd\" data-element_type=\"widget\" data-widget_type=\"heading.default\">\n\t\t\t\t<div class=\"elementor-widget-container\">\n\t\t\t\t\t<h6 class=\"elementor-heading-title elementor-size-default\">contact@karabatours.com<\/h6>\t\t\t\t<\/div>\n\t\t\t\t<\/div>\n\t\t\t\t<\/div>\n\t\t\t\t<\/div>\n\t\t<div class=\"elementor-element elementor-element-32de6f55 e-con-full e-flex e-con e-child\" data-id=\"32de6f55\" data-element_type=\"container\" data-settings='{\"background_background\":\"classic\"}'>\n\t\t\t\t<div class=\"elementor-element elementor-element-6f535dac elementor-view-default elementor-widget elementor-widget-icon\" data-id=\"6f535dac\" data-element_type=\"widget\" data-widget_type=\"icon.default\">\n\t\t\t\t<div class=\"elementor-widget-container\">\n\t\t\t\t\t\t\t<div class=\"elementor-icon-wrapper\">\n\t\t\t<div class=\"elementor-icon\">\n\t\t\t<svg aria-hidden=\"true\" class=\"e-font-icon-svg e-fas-map-marker-alt\" viewbox=\"0 0 384 512\" xmlns=\"http:\/\/www.w3.org\/2000\/svg\"><path d=\"M172.268 501.67C26.97 291.031 0 269.413 0 192 0 85.961 85.961 0 192 0s192 85.961 192 192c0 77.413-26.97 99.031-172.268 309.67-9.535 13.774-29.93 13.773-39.464 0zM192 272c44.183 0 80-35.817 80-80s-35.817-80-80-80-80 35.817-80 80 35.817 80 80 80z\"><\/path><\/svg>\t\t\t<\/div>\n\t\t<\/div>\n\t\t\t\t\t\t<\/div>\n\t\t\t\t<\/div>\n\t\t<div class=\"elementor-element elementor-element-16bc80f5 e-con-full e-flex e-con e-child\" data-id=\"16bc80f5\" data-element_type=\"container\">\n\t\t\t\t<div class=\"elementor-element elementor-element-38b9c2ac elementor-widget elementor-widget-heading\" data-id=\"38b9c2ac\" data-element_type=\"widget\" data-widget_type=\"heading.default\">\n\t\t\t\t<div class=\"elementor-widget-container\">\n\t\t\t\t\t<h3 class=\"elementor-heading-title elementor-size-default\">Adresse<\/h3>\t\t\t\t<\/div>\n\t\t\t\t<\/div>\n\t\t\t\t<div class=\"elementor-element elementor-element-33675c8c elementor-widget elementor-widget-heading\" data-id=\"33675c8c\" data-element_type=\"widget\" data-widget_type=\"heading.default\">\n\t\t\t\t<div class=\"elementor-widget-container\">\n\t\t\t\t\t<h6 class=\"elementor-heading-title elementor-size-default\">Avenue de S\u00e9velin 13E, 1004 Lausanne, Schweiz<\/h6>\t\t\t\t<\/div>\n\t\t\t\t<\/div>\n\t\t\t\t<\/div>\n\t\t\t\t<\/div>\n\t\t\t\t<div class=\"elementor-element elementor-element-eea1a84 elementor-widget elementor-widget-google_maps\" data-id=\"eea1a84\" data-element_type=\"widget\" data-widget_type=\"google_maps.default\">\n\t\t\t\t<div class=\"elementor-widget-container\">\n\t\t\t\t\t\t\t<div class=\"elementor-custom-embed\">\n\t\t\t<iframe loading=\"lazy\" src=\"https:\/\/maps.google.com\/maps?q=Avenue%20de%20S%C3%A9velin%2013E%2C%201004%20Lausanne%2C%20Suisse&amp;t=m&amp;z=10&amp;output=embed&amp;iwloc=near\" title=\"Avenue de S\u00e9velin 13E, 1004 Lausanne, Schweiz\" aria-label=\"Avenue de S\u00e9velin 13E, 1004 Lausanne, Schweiz\"><\/iframe>\n\t\t<\/div>\n\t\t\t\t\t\t<\/div>\n\t\t\t\t<\/div>\n\t\t\t\t<\/div>\n\t\t\t\t<\/div>\n\t\t\t\t\t<\/div>\n\t\t\t\t<\/div>\n\t\t<div class=\"elementor-element elementor-element-74d6f419 krab-bg-dark e-flex e-con-boxed e-con e-parent\" data-id=\"74d6f419\" data-element_type=\"container\" data-settings='{\"background_background\":\"classic\"}'>\n\t\t\t\t\t<div class=\"e-con-inner\">\n\t\t<div class=\"elementor-element elementor-element-2a1e2207 e-con-full e-flex e-con e-child\" data-id=\"2a1e2207\" data-element_type=\"container\">\n\t\t<div class=\"elementor-element elementor-element-69d4e7e9 e-con-full e-flex e-con e-child\" data-id=\"69d4e7e9\" data-element_type=\"container\" data-settings='{\"background_background\":\"classic\",\"sticky\":\"top\",\"sticky_parent\":\"yes\",\"sticky_on\":[\"desktop\"],\"sticky_offset\":0,\"sticky_effects_offset\":0,\"sticky_anchor_link_offset\":0}'>\n\t\t<div class=\"elementor-element elementor-element-60158546 e-con-full e-flex e-con e-child\" data-id=\"60158546\" data-element_type=\"container\">\n\t\t\t\t<div class=\"elementor-element elementor-element-4a21a571 elementor-widget-tablet__width-initial elementor-widget elementor-widget-heading\" data-id=\"4a21a571\" data-element_type=\"widget\" data-widget_type=\"heading.default\">\n\t\t\t\t<div class=\"elementor-widget-container\">\n\t\t\t\t\t<h3 class=\"elementor-heading-title elementor-size-default\">Wir sind immer f\u00fcr Sie da<\/h3>\t\t\t\t<\/div>\n\t\t\t\t<\/div>\n\t\t\t\t<div class=\"elementor-element elementor-element-16b12750 elementor-widget-tablet__width-initial elementor-widget elementor-widget-text-editor\" data-id=\"16b12750\" data-element_type=\"widget\" data-widget_type=\"text-editor.default\">\n\t\t\t\t<div class=\"elementor-widget-container\">\n\t\t\t\t\t\t\t\t\t<p>Ob Sie Fragen haben, Hilfe ben\u00f6tigen oder Kommentare und Vorschl\u00e4ge mitteilen m\u00f6chten, unser Team ist immer bereit, Ihnen zu helfen.<\/p>\t\t\t\t\t\t\t\t<\/div>\n\t\t\t\t<\/div>\n\t\t\t\t<\/div>\n\t\t\t\t<div class=\"elementor-element elementor-element-6ce2ca56 elementor-widget elementor-widget-image\" data-id=\"6ce2ca56\" data-element_type=\"widget\" data-widget_type=\"image.default\">\n\t\t\t\t<div class=\"elementor-widget-container\">\n\t\t\t\t\t\t\t\t\t\t\t\t\t\t\t<img fetchpriority=\"high\" decoding=\"async\" width=\"1800\" height=\"1200\" src=\"https:\/\/karabatours.com\/wp-content\/uploads\/2025\/05\/image-DZVB4MC.jpg\" class=\"attachment-full size-full wp-image-87\" alt=\"Bild DZVB4MC\" srcset=\"https:\/\/karabatours.com\/wp-content\/uploads\/2025\/05\/image-DZVB4MC.jpg 1800w, https:\/\/karabatours.com\/wp-content\/uploads\/2025\/05\/image-DZVB4MC-600x400.jpg 600w, https:\/\/karabatours.com\/wp-content\/uploads\/2025\/05\/image-DZVB4MC-300x200.jpg 300w, https:\/\/karabatours.com\/wp-content\/uploads\/2025\/05\/image-DZVB4MC-1024x683.jpg 1024w, https:\/\/karabatours.com\/wp-content\/uploads\/2025\/05\/image-DZVB4MC-768x512.jpg 768w, https:\/\/karabatours.com\/wp-content\/uploads\/2025\/05\/image-DZVB4MC-1536x1024.jpg 1536w\" sizes=\"(max-width: 1800px) 100vw, 1800px\">\t\t\t\t\t\t\t\t\t\t\t\t\t\t\t<\/div>\n\t\t\t\t<\/div>\n\t\t\t\t<\/div>\n\t\t<div class=\"elementor-element elementor-element-6092649d e-con-full e-flex e-con e-child\" data-id=\"6092649d\" data-element_type=\"container\" data-settings='{\"background_background\":\"classic\"}'>\n\t\t\t\t<div class=\"elementor-element elementor-element-1749c6e elementor-widget elementor-widget-shortcode\" data-id=\"1749c6e\" data-element_type=\"widget\" data-widget_type=\"shortcode.default\">\n\t\t\t\t<div class=\"elementor-widget-container\">\n\t\t\t\t\t\t\t<div class=\"elementor-shortcode\">  \n  <form class=\"kcf-form\" method=\"post\" action=\"https:\/\/karabatours.com\/wp-admin\/admin-post.php\">\n    <input type=\"hidden\" id=\"kcf_nonce\" name=\"kcf_nonce\" value=\"428c33c4d2\"><input type=\"hidden\" name=\"_wp_http_referer\" value=\"\/de\/wp-json\/wp\/v2\/pages\/347\">    <input type=\"hidden\" name=\"action\" value=\"kcf_submit\">\n   <div style=\"display: flex; flex-wrap: wrap; justify-content: space-between;\">\n    <div class=\"kcf-row\" style=\"width: 49%;\">\n      <label for=\"kcf_nom\">Name<\/label>\n      <input type=\"text\" id=\"kcf_nom\" name=\"nom\" required>\n    <\/div>\n    <div class=\"kcf-row\" style=\"width: 49%;\">\n      <label for=\"kcf_prenom\">Vorname<\/label>\n      <input type=\"text\" id=\"kcf_prenom\" name=\"prenom\" required>\n    <\/div>\n   <\/div> \n    <div class=\"kcf-row\">\n      <label for=\"kcf_sujet\">Thema<\/label>\n      <input type=\"text\" id=\"kcf_sujet\" name=\"sujet\" required>\n    <\/div>\n    <div class=\"kcf-row\">\n      <label for=\"kcf_message\">Nachricht<\/label>\n      <textarea id=\"kcf_message\" name=\"message\" rows=\"6\" required><\/textarea>\n    <\/div>\n          <div class=\"kcf-row\">\n        <div class=\"g-recaptcha\" data-sitekey=\"6LfKRwQsAAAAAKOAR07YzFrXV3c4VM4OHQEFfQkF\"><\/div>\n      <\/div>\n      <script src=\"https:\/\/www.google.com\/recaptcha\/api.js\" async defer><\/script>\n        <div class=\"kcf-actions\">\n      <button type=\"submit\">Senden Sie<\/button>\n    <\/div>\n  <\/form>\n  <\/div>\n\t\t\t\t\t\t<\/div>\n\t\t\t\t<\/div>\n\t\t\t\t<\/div>\n\t\t\t\t<\/div>\n\t\t\t\t\t<\/div>\n\t\t\t\t<\/div>\n\t\t\t\t<\/div>","protected":false},"excerpt":{"rendered":"<p>Contactez-nous Phone +41 77 980 55 46 +41 77 986 44 52 Email contact@karabatours.com Address Avenue de S&eacute;velin 13E, 1004 Lausanne, Suisse Nous sommes toujours l&agrave; pour vous aider Que vous ayez des questions, que vous ayez besoin d&rsquo;aide ou que vous souhaitiez partager des commentaires ou des suggestions, notre &eacute;quipe est toujours pr&ecirc;te &agrave; [&hellip;]<\/p>","protected":false},"author":1,"featured_media":0,"parent":0,"menu_order":0,"comment_status":"closed","ping_status":"closed","template":"","meta":{"_acf_changed":false,"footnotes":""},"class_list":["post-347","page","type-page","status-publish","hentry"],"acf":[],"yoast_head":"<!-- This site is optimized with the Yoast SEO plugin v25.7 - https:\/\/yoast.com\/wordpress\/plugins\/seo\/ -->\n<title>Contactez-nous - Karaba, l\u2019infini du d\u00e9sert<\/title>\n<meta name=\"description\" content=\"Envie d\u2019aventure au Sahara ? Contactez Karaba Tours pour planifier votre voyage, obtenir des informations ou une offre personnalis\u00e9e.\" \/>\n<meta name=\"robots\" content=\"index, follow, max-snippet:-1, max-image-preview:large, max-video-preview:-1\" \/>\n<link rel=\"canonical\" href=\"https:\/\/karabatours.com\/de\/kontaktieren\/\" \/>\n<meta property=\"og:locale\" content=\"de_DE\" \/>\n<meta property=\"og:type\" content=\"article\" \/>\n<meta property=\"og:title\" content=\"Contactez-nous - Karaba, l\u2019infini du d\u00e9sert\" \/>\n<meta property=\"og:description\" content=\"Envie d\u2019aventure au Sahara ? Contactez Karaba Tours pour planifier votre voyage, obtenir des informations ou une offre personnalis\u00e9e.\" \/>\n<meta property=\"og:url\" content=\"https:\/\/karabatours.com\/de\/kontaktieren\/\" \/>\n<meta property=\"og:site_name\" content=\"Karaba, l\u2019infini du d\u00e9sert\" \/>\n<meta property=\"article:modified_time\" content=\"2025-11-17T15:14:27+00:00\" \/>\n<meta property=\"og:image\" content=\"https:\/\/karabatours.com\/wp-content\/uploads\/2025\/05\/image-DZVB4MC.jpg\" \/>\n\t<meta property=\"og:image:width\" content=\"1800\" \/>\n\t<meta property=\"og:image:height\" content=\"1200\" \/>\n\t<meta property=\"og:image:type\" content=\"image\/jpeg\" \/>\n<meta name=\"twitter:card\" content=\"summary_large_image\" \/>\n<meta name=\"twitter:label1\" content=\"Gesch\u00e4tzte Lesezeit\" \/>\n\t<meta name=\"twitter:data1\" content=\"1\u00a0Minute\" \/>\n<script type=\"application\/ld+json\" class=\"yoast-schema-graph\">{\"@context\":\"https:\/\/schema.org\",\"@graph\":[{\"@type\":\"WebPage\",\"@id\":\"https:\/\/karabatours.com\/contactez-nous\/\",\"url\":\"https:\/\/karabatours.com\/contactez-nous\/\",\"name\":\"Contactez-nous - Karaba, l\u2019infini du d\u00e9sert\",\"isPartOf\":{\"@id\":\"https:\/\/karabatours.com\/#website\"},\"primaryImageOfPage\":{\"@id\":\"https:\/\/karabatours.com\/contactez-nous\/#primaryimage\"},\"image\":{\"@id\":\"https:\/\/karabatours.com\/contactez-nous\/#primaryimage\"},\"thumbnailUrl\":\"https:\/\/karabatours.com\/wp-content\/uploads\/2025\/05\/image-DZVB4MC.jpg\",\"datePublished\":\"2025-05-05T18:24:54+00:00\",\"dateModified\":\"2025-11-17T15:14:27+00:00\",\"description\":\"Envie d\u2019aventure au Sahara ? Contactez Karaba Tours pour planifier votre voyage, obtenir des informations ou une offre personnalis\u00e9e.\",\"breadcrumb\":{\"@id\":\"https:\/\/karabatours.com\/contactez-nous\/#breadcrumb\"},\"inLanguage\":\"de\",\"potentialAction\":[{\"@type\":\"ReadAction\",\"target\":[\"https:\/\/karabatours.com\/contactez-nous\/\"]}]},{\"@type\":\"ImageObject\",\"inLanguage\":\"de\",\"@id\":\"https:\/\/karabatours.com\/contactez-nous\/#primaryimage\",\"url\":\"https:\/\/karabatours.com\/wp-content\/uploads\/2025\/05\/image-DZVB4MC.jpg\",\"contentUrl\":\"https:\/\/karabatours.com\/wp-content\/uploads\/2025\/05\/image-DZVB4MC.jpg\"},{\"@type\":\"BreadcrumbList\",\"@id\":\"https:\/\/karabatours.com\/contactez-nous\/#breadcrumb\",\"itemListElement\":[{\"@type\":\"ListItem\",\"position\":1,\"name\":\"Accueil\",\"item\":\"https:\/\/karabatours.com\/\"},{\"@type\":\"ListItem\",\"position\":2,\"name\":\"Contactez-nous\"}]},{\"@type\":\"WebSite\",\"@id\":\"https:\/\/karabatours.com\/#website\",\"url\":\"https:\/\/karabatours.com\/\",\"name\":\"Karaba - une aventure, un voyage, l'infini du d\u00e9sert\",\"description\":\"\",\"publisher\":{\"@id\":\"https:\/\/karabatours.com\/#organization\"},\"potentialAction\":[{\"@type\":\"SearchAction\",\"target\":{\"@type\":\"EntryPoint\",\"urlTemplate\":\"https:\/\/karabatours.com\/?s={search_term_string}\"},\"query-input\":{\"@type\":\"PropertyValueSpecification\",\"valueRequired\":true,\"valueName\":\"search_term_string\"}}],\"inLanguage\":\"de\"},{\"@type\":\"Organization\",\"@id\":\"https:\/\/karabatours.com\/#organization\",\"name\":\"Karaba - une aventure, un voyage, l'infini du d\u00e9sert\",\"url\":\"https:\/\/karabatours.com\/\",\"logo\":{\"@type\":\"ImageObject\",\"inLanguage\":\"de\",\"@id\":\"https:\/\/karabatours.com\/#\/schema\/logo\/image\/\",\"url\":\"https:\/\/karabatours.com\/wp-content\/uploads\/2025\/05\/karaba-logo-1.png\",\"contentUrl\":\"https:\/\/karabatours.com\/wp-content\/uploads\/2025\/05\/karaba-logo-1.png\",\"width\":192,\"height\":183,\"caption\":\"Karaba - une aventure, un voyage, l'infini du d\u00e9sert\"},\"image\":{\"@id\":\"https:\/\/karabatours.com\/#\/schema\/logo\/image\/\"}}]}<\/script>\n<!-- \/ Yoast SEO plugin. -->","yoast_head_json":{"title":"Kontaktieren Sie uns - Karaba,die unendliche Weite der W\u00fcste","description":"Lust auf ein Abenteuer in der Sahara? Kontaktieren Sie Karaba Tours, um Ihre Reise zu planen, Informationen zu erhalten oder ein individuelles Angebot zu erstellen.","robots":{"index":"index","follow":"follow","max-snippet":"max-snippet:-1","max-image-preview":"max-image-preview:large","max-video-preview":"max-video-preview:-1"},"canonical":"https:\/\/karabatours.com\/de\/kontaktieren\/","og_locale":"de_DE","og_type":"article","og_title":"Contactez-nous - Karaba, l\u2019infini du d\u00e9sert","og_description":"Envie d\u2019aventure au Sahara ? Contactez Karaba Tours pour planifier votre voyage, obtenir des informations ou une offre personnalis\u00e9e.","og_url":"https:\/\/karabatours.com\/de\/kontaktieren\/","og_site_name":"Karaba, l\u2019infini du d\u00e9sert","article_modified_time":"2025-11-17T15:14:27+00:00","og_image":[{"width":1800,"height":1200,"url":"https:\/\/karabatours.com\/wp-content\/uploads\/2025\/05\/image-DZVB4MC.jpg","type":"image\/jpeg"}],"twitter_card":"summary_large_image","twitter_misc":{"Gesch\u00e4tzte Lesezeit":"1\u00a0Minute"},"schema":{"@context":"https:\/\/schema.org","@graph":[{"@type":"WebPage","@id":"https:\/\/karabatours.com\/contactez-nous\/","url":"https:\/\/karabatours.com\/contactez-nous\/","name":"Kontaktieren Sie uns - Karaba,die unendliche Weite der W\u00fcste","isPartOf":{"@id":"https:\/\/karabatours.com\/#website"},"primaryImageOfPage":{"@id":"https:\/\/karabatours.com\/contactez-nous\/#primaryimage"},"image":{"@id":"https:\/\/karabatours.com\/contactez-nous\/#primaryimage"},"thumbnailUrl":"https:\/\/karabatours.com\/wp-content\/uploads\/2025\/05\/image-DZVB4MC.jpg","datePublished":"2025-05-05T18:24:54+00:00","dateModified":"2025-11-17T15:14:27+00:00","description":"Lust auf ein Abenteuer in der Sahara? Kontaktieren Sie Karaba Tours, um Ihre Reise zu planen, Informationen zu erhalten oder ein individuelles Angebot zu erstellen.","breadcrumb":{"@id":"https:\/\/karabatours.com\/contactez-nous\/#breadcrumb"},"inLanguage":"de","potentialAction":[{"@type":"ReadAction","target":["https:\/\/karabatours.com\/contactez-nous\/"]}]},{"@type":"ImageObject","inLanguage":"de","@id":"https:\/\/karabatours.com\/contactez-nous\/#primaryimage","url":"https:\/\/karabatours.com\/wp-content\/uploads\/2025\/05\/image-DZVB4MC.jpg","contentUrl":"https:\/\/karabatours.com\/wp-content\/uploads\/2025\/05\/image-DZVB4MC.jpg"},{"@type":"BreadcrumbList","@id":"https:\/\/karabatours.com\/contactez-nous\/#breadcrumb","itemListElement":[{"@type":"ListItem","position":1,"name":"Accueil","item":"https:\/\/karabatours.com\/"},{"@type":"ListItem","position":2,"name":"Contactez-nous"}]},{"@type":"WebSite","@id":"https:\/\/karabatours.com\/#website","url":"https:\/\/karabatours.com\/","name":"Karaba - ein Abenteuer, eine Reise, die Unendlichkeit der W\u00fcste","description":"","publisher":{"@id":"https:\/\/karabatours.com\/#organization"},"potentialAction":[{"@type":"SearchAction","target":{"@type":"EntryPoint","urlTemplate":"https:\/\/karabatours.com\/?s={search_term_string}"},"query-input":{"@type":"PropertyValueSpecification","valueRequired":true,"valueName":"search_term_string"}}],"inLanguage":"de"},{"@type":"Organization","@id":"https:\/\/karabatours.com\/#organization","name":"Karaba - ein Abenteuer, eine Reise, die Unendlichkeit der W\u00fcste","url":"https:\/\/karabatours.com\/","logo":{"@type":"ImageObject","inLanguage":"de","@id":"https:\/\/karabatours.com\/#\/schema\/logo\/image\/","url":"https:\/\/karabatours.com\/wp-content\/uploads\/2025\/05\/karaba-logo-1.png","contentUrl":"https:\/\/karabatours.com\/wp-content\/uploads\/2025\/05\/karaba-logo-1.png","width":192,"height":183,"caption":"Karaba - une aventure, un voyage, l'infini du d\u00e9sert"},"image":{"@id":"https:\/\/karabatours.com\/#\/schema\/logo\/image\/"}}]}},"_hostinger_reach_plugin_has_subscription_block":false,"_hostinger_reach_plugin_is_elementor":false,"_links":{"self":[{"href":"https:\/\/karabatours.com\/de\/wp-json\/wp\/v2\/pages\/347","targetHints":{"allow":["GET"]}}],"collection":[{"href":"https:\/\/karabatours.com\/de\/wp-json\/wp\/v2\/pages"}],"about":[{"href":"https:\/\/karabatours.com\/de\/wp-json\/wp\/v2\/types\/page"}],"author":[{"embeddable":true,"href":"https:\/\/karabatours.com\/de\/wp-json\/wp\/v2\/users\/1"}],"replies":[{"embeddable":true,"href":"https:\/\/karabatours.com\/de\/wp-json\/wp\/v2\/comments?post=347"}],"version-history":[{"count":83,"href":"https:\/\/karabatours.com\/de\/wp-json\/wp\/v2\/pages\/347\/revisions"}],"predecessor-version":[{"id":3945,"href":"https:\/\/karabatours.com\/de\/wp-json\/wp\/v2\/pages\/347\/revisions\/3945"}],"wp:attachment":[{"href":"https:\/\/karabatours.com\/de\/wp-json\/wp\/v2\/media?parent=347"}],"curies":[{"name":"wp","href":"https:\/\/api.w.org\/{rel}","templated":true}]}}