{"id":3351,"date":"2025-10-22T13:42:28","date_gmt":"2025-10-22T13:42:28","guid":{"rendered":"https:\/\/karaba.informatikab.com\/?page_id=3351"},"modified":"2025-11-17T12:54:20","modified_gmt":"2025-11-17T12:54:20","slug":"allgemeine-geschaftsbedingungen","status":"publish","type":"page","link":"https:\/\/karabatours.com\/de\/allgemeine-geschaftsbedingungen\/","title":{"rendered":"Allgemeine Bedingungen"},"content":{"rendered":"<?xml encoding=\"utf-8\" ?><div data-elementor-type=\"wp-page\" data-elementor-id=\"3351\" class=\"elementor elementor-3351\" data-elementor-post-type=\"page\">\n\t\t\t\t<div class=\"elementor-element elementor-element-783bb7e e-flex e-con-boxed e-con e-parent\" data-id=\"783bb7e\" data-element_type=\"container\" data-settings='{\"background_background\":\"classic\"}'>\n\t\t\t\t\t<div class=\"e-con-inner\">\n\t\t\t\t<div class=\"elementor-element elementor-element-b2d85d0 elementor-widget__width-inherit elementor-widget elementor-widget-heading\" data-id=\"b2d85d0\" data-element_type=\"widget\" data-widget_type=\"heading.default\">\n\t\t\t\t<div class=\"elementor-widget-container\">\n\t\t\t\t\t<h1 class=\"elementor-heading-title elementor-size-default\">Allgemeine Bedingungen<\/h1>\t\t\t\t<\/div>\n\t\t\t\t<\/div>\n\t\t\t\t\t<\/div>\n\t\t\t\t<\/div>\n\t\t<div class=\"elementor-element elementor-element-8cc358f krab-bg-dark e-flex e-con-boxed e-con e-parent\" data-id=\"8cc358f\" data-element_type=\"container\">\n\t\t\t\t\t<div class=\"e-con-inner\">\n\t\t\t\t<div class=\"elementor-element elementor-element-5ab4dab elementor-widget elementor-widget-html\" data-id=\"5ab4dab\" data-element_type=\"widget\" data-widget_type=\"html.default\">\n\t\t\t\t<div class=\"elementor-widget-container\">\n\t\t\t\t\t<style>\r\n  h2,h3{\r\n    font-size: 1.2rem !important;\r\n  }\r\n  p, ul{\r\n    color:#000;\r\n  }\r\n  .muted{color:#555;font-size:.9rem}\r\n  ul{margin-left:1.25rem}\r\n  a{color:inherit}\r\n  html[darkmode] .cond h2, html[darkmode] .cond h3{\r\n      color:#A2AA45;\r\n  }\r\n  \r\n  html[darkmode] .cond p, html[darkmode] .cond ul, html[darkmode] .cond a{\r\n      color:#FBEDE2;\r\n  }\r\n<\/style>\r\n<div class=\"cond\">\r\n    \r\n\r\n<h2 id=\"title\">ALLGEMEINE GESCH\u00c4FTS- UND NUTZUNGSBEDINGUNGEN<\/h2>\r\n<p><strong>KARABA TOURS - Reiseb\u00fcro<\/strong><\/p>\r\n\r\n<h3 id=\"object\">1. Zweck<\/h3>\r\n<p>Die vorliegenden Bedingungen regeln die Beziehungen zwischen <strong>Karaba Tours<\/strong> und jede Person, die ihre Dienste nutzt, einschlie\u00dflich der Buchung, des Kaufs von Reisen, Unterk\u00fcnften oder damit verbundenen Leistungen.<\/p>\r\n\r\n<h3 id=\"booking\">2. Buchung und Bezahlung<\/h3>\r\n<p>Die Preise sind in <strong>CHF<\/strong>, einschlie\u00dflich Mehrwertsteuer. Eine Buchung wird erst nach der vollst\u00e4ndigen Bezahlung oder einer Anzahlung gem\u00e4\u00df den im Angebot angegebenen Bedingungen best\u00e4tigt. Der Restbetrag muss innerhalb der mitgeteilten Fristen beglichen werden, andernfalls kann die Buchung ohne R\u00fcckerstattung storniert werden.<\/p>\r\n\r\n<h3 id=\"changes\">3. \u00c4nderungen und Stornierungen<\/h3>\r\n<p>Jeder Antrag auf Stornierung oder \u00c4nderung muss formuliert werden <strong>schriftlich<\/strong> (E-Mail oder Post). Es k\u00f6nnen Geb\u00fchren anfallen je nach :<\/p>\r\n<ul>\r\n  <li>Bedingungen des Anbieters (Fluggesellschaft, Hotel, Versicherung usw.) ;<\/li>\r\n  <li>Datum der \u00c4nderung oder Stornierung ;<\/li>\r\n  <li>eventuelle Verwaltungskosten von Karaba Tours.<\/li>\r\n<\/ul>\r\n<p>Die Geb\u00fchren werden dem Kunden vor der Best\u00e4tigung mitgeteilt.<\/p>\r\n\r\n<h3 id=\"responsibility\">4. Verantwortung<\/h3>\r\n<p>Karaba Tours handelt als <strong>von Vermittler<\/strong> zwischen dem Kunden und den Dienstleistern (Fluggesellschaften, Hotels, lokalen Agenturen, Transportunternehmen usw.).<\/p>\r\n<p>Karaba Tours kann nicht f\u00fcr Fehler, Auslassungen, Verz\u00f6gerungen, Stornierungen, Preisentwicklungen oder Vorf\u00e4lle verantwortlich gemacht werden, die in den Zust\u00e4ndigkeitsbereich dieser Drittanbieter fallen.<\/p>\r\n\r\n<h3 id=\"travel-docs\">5. Reisedokumente<\/h3>\r\n<p>Der Kunde ist f\u00fcr die G\u00fcltigkeit seiner Reisedokumente (Reisepass, Visum, Pflichtversicherungen) verantwortlich. Es obliegt ihm, die Anforderungen der besuchten L\u00e4nder zu \u00fcberpr\u00fcfen.<\/p>\r\n\r\n<h3 id=\"insurance\">6. Versicherungen<\/h3>\r\n<p>Der Klient ist <strong>herzlich eingeladen<\/strong> eine Versicherung abzuschlie\u00dfen, die Folgendes abdeckt: Stornierung, Hilfe, R\u00fcckf\u00fchrung, Gep\u00e4ck. Bei Ablehnung tr\u00e4gt der Kunde alle mit der Reise verbundenen Risiken.<\/p>\r\n\r\n<h3 id=\"claims\">7. Beschwerden<\/h3>\r\n<p>Alle Beschwerden \u00fcber die Reise m\u00fcssen innerhalb eines <strong>Frist von 10 Tagen<\/strong> nach dem Ende des Aufenthalts an folgende Adresse :<\/p>\r\n<p><a href=\"mailto:contact@karabatours.com\">contact@karabatours.com<\/a><\/p>\r\n\r\n<h3 id=\"ip\">8. Geistiges Eigentum<\/h3>\r\n<p>Der gesamte Inhalt auf der Karaba Tours-Website (Texte, Fotos, Logo, Grafiken, Dokumente) ist urheberrechtlich gesch\u00fctzt. Jede teilweise oder vollst\u00e4ndige Reproduktion ist ohne schriftliche Genehmigung untersagt.<\/p>\r\n\r\n<h3 id=\"law\">9. Anwendbares Recht und Gerichtsbarkeit<\/h3>\r\n<p>Der Vertrag unterliegt dem <strong>Schweizer Recht<\/strong>. Im Falle eines Rechtsstreits befindet sich das zust\u00e4ndige Gericht im <strong>Kanton Waadt (Lausanne)<\/strong>.<\/p>\r\n\r\n<h3 id=\"contact\">10. Kontakt<\/h3>\r\n<p><strong>Karaba Tours<\/strong><br>\r\nAvenue de S\u00e9velin 13E, 1004 Lausanne, Schweiz<br>\r\nTelefon : <a href=\"tel:+41779805546\">+41 77 980 55 46<\/a> \/ <a href=\"tel:+41779864452\">+41 77 986 44 52<\/a><br>\r\nE-Mail: <a href=\"mailto:contact@karabatours.com\">contact@karabatours.com<\/a><br>\r\nStandort : <a href=\"https:\/\/karabatours.com\/de\/\" target=\"_blank\" rel=\"noopener\">www.karabatours.com<\/a>\r\n<\/p>\r\n\r\n<footer>\r\n  <p class=\"muted\">Diese Bedingungen k\u00f6nnen jederzeit aktualisiert werden. Die auf der Website ver\u00f6ffentlichte Version ist ma\u00dfgeblich.<\/p>\r\n<\/footer>\r\n<\/div>\t\t\t\t<\/div>\n\t\t\t\t<\/div>\n\t\t\t\t\t<\/div>\n\t\t\t\t<\/div>\n\t\t\t\t<\/div>","protected":false},"excerpt":{"rendered":"<p>Conditions g&eacute;n&eacute;rales CONDITIONS G&Eacute;N&Eacute;RALES DE VENTE ET D&rsquo;UTILISATION KARABA TOURS &ndash; Agence de voyages 1. Objet Les pr&eacute;sentes conditions r&eacute;gissent les relations entre Karaba Tours et toute personne utilisant ses services, y compris la r&eacute;servation, l&rsquo;achat de voyages, d&rsquo;h&eacute;bergements ou de prestations associ&eacute;es. 2. R&eacute;servation et paiement Les prix sont indiqu&eacute;s en CHF, TVA incluse. [&hellip;]<\/p>","protected":false},"author":1,"featured_media":0,"parent":0,"menu_order":0,"comment_status":"closed","ping_status":"open","template":"","meta":{"_acf_changed":false,"footnotes":""},"class_list":["post-3351","page","type-page","status-publish","hentry"],"acf":[],"yoast_head":"<!-- This site is optimized with the Yoast SEO plugin v25.7 - https:\/\/yoast.com\/wordpress\/plugins\/seo\/ -->\n<title>Conditions g\u00e9n\u00e9rales - Karaba, l\u2019infini du d\u00e9sert<\/title>\n<meta name=\"description\" content=\"Consultez les conditions g\u00e9n\u00e9rales de Karaba Tours : informations sur les r\u00e9servations, paiements, annulations et responsabilit\u00e9s.\" \/>\n<meta name=\"robots\" content=\"index, follow, max-snippet:-1, max-image-preview:large, max-video-preview:-1\" \/>\n<link rel=\"canonical\" href=\"https:\/\/karabatours.com\/de\/allgemeine-geschaftsbedingungen\/\" \/>\n<meta property=\"og:locale\" content=\"de_DE\" \/>\n<meta property=\"og:type\" content=\"article\" \/>\n<meta property=\"og:title\" content=\"Conditions g\u00e9n\u00e9rales - Karaba, l\u2019infini du d\u00e9sert\" \/>\n<meta property=\"og:description\" content=\"Consultez les conditions g\u00e9n\u00e9rales de Karaba Tours : informations sur les r\u00e9servations, paiements, annulations et responsabilit\u00e9s.\" \/>\n<meta property=\"og:url\" content=\"https:\/\/karabatours.com\/de\/allgemeine-geschaftsbedingungen\/\" \/>\n<meta property=\"og:site_name\" content=\"Karaba, l\u2019infini du d\u00e9sert\" \/>\n<meta property=\"article:modified_time\" content=\"2025-11-17T12:54:20+00:00\" \/>\n<meta name=\"twitter:card\" content=\"summary_large_image\" \/>\n<meta name=\"twitter:label1\" content=\"Gesch\u00e4tzte Lesezeit\" \/>\n\t<meta name=\"twitter:data1\" content=\"2\u00a0Minuten\" \/>\n<script type=\"application\/ld+json\" class=\"yoast-schema-graph\">{\"@context\":\"https:\/\/schema.org\",\"@graph\":[{\"@type\":\"WebPage\",\"@id\":\"https:\/\/karabatours.com\/conditions-generales\/\",\"url\":\"https:\/\/karabatours.com\/conditions-generales\/\",\"name\":\"Conditions g\u00e9n\u00e9rales - Karaba, l\u2019infini du d\u00e9sert\",\"isPartOf\":{\"@id\":\"https:\/\/karabatours.com\/#website\"},\"datePublished\":\"2025-10-22T13:42:28+00:00\",\"dateModified\":\"2025-11-17T12:54:20+00:00\",\"description\":\"Consultez les conditions g\u00e9n\u00e9rales de Karaba Tours : informations sur les r\u00e9servations, paiements, annulations et responsabilit\u00e9s.\",\"breadcrumb\":{\"@id\":\"https:\/\/karabatours.com\/conditions-generales\/#breadcrumb\"},\"inLanguage\":\"de\",\"potentialAction\":[{\"@type\":\"ReadAction\",\"target\":[\"https:\/\/karabatours.com\/conditions-generales\/\"]}]},{\"@type\":\"BreadcrumbList\",\"@id\":\"https:\/\/karabatours.com\/conditions-generales\/#breadcrumb\",\"itemListElement\":[{\"@type\":\"ListItem\",\"position\":1,\"name\":\"Accueil\",\"item\":\"https:\/\/karabatours.com\/\"},{\"@type\":\"ListItem\",\"position\":2,\"name\":\"Conditions g\u00e9n\u00e9rales\"}]},{\"@type\":\"WebSite\",\"@id\":\"https:\/\/karabatours.com\/#website\",\"url\":\"https:\/\/karabatours.com\/\",\"name\":\"Karaba - une aventure, un voyage, l'infini du d\u00e9sert\",\"description\":\"\",\"publisher\":{\"@id\":\"https:\/\/karabatours.com\/#organization\"},\"potentialAction\":[{\"@type\":\"SearchAction\",\"target\":{\"@type\":\"EntryPoint\",\"urlTemplate\":\"https:\/\/karabatours.com\/?s={search_term_string}\"},\"query-input\":{\"@type\":\"PropertyValueSpecification\",\"valueRequired\":true,\"valueName\":\"search_term_string\"}}],\"inLanguage\":\"de\"},{\"@type\":\"Organization\",\"@id\":\"https:\/\/karabatours.com\/#organization\",\"name\":\"Karaba - une aventure, un voyage, l'infini du d\u00e9sert\",\"url\":\"https:\/\/karabatours.com\/\",\"logo\":{\"@type\":\"ImageObject\",\"inLanguage\":\"de\",\"@id\":\"https:\/\/karabatours.com\/#\/schema\/logo\/image\/\",\"url\":\"https:\/\/karabatours.com\/wp-content\/uploads\/2025\/05\/karaba-logo-1.png\",\"contentUrl\":\"https:\/\/karabatours.com\/wp-content\/uploads\/2025\/05\/karaba-logo-1.png\",\"width\":192,\"height\":183,\"caption\":\"Karaba - une aventure, un voyage, l'infini du d\u00e9sert\"},\"image\":{\"@id\":\"https:\/\/karabatours.com\/#\/schema\/logo\/image\/\"}}]}<\/script>\n<!-- \/ Yoast SEO plugin. -->","yoast_head_json":{"title":"Allgemeine Gesch\u00e4ftsbedingungen","description":"Lesen Sie die Allgemeinen Gesch\u00e4ftsbedingungen von Karaba Tours: Informationen zu Buchungen, Zahlungen, Stornierungen und Haftung.","robots":{"index":"index","follow":"follow","max-snippet":"max-snippet:-1","max-image-preview":"max-image-preview:large","max-video-preview":"max-video-preview:-1"},"canonical":"https:\/\/karabatours.com\/de\/allgemeine-geschaftsbedingungen\/","og_locale":"de_DE","og_type":"article","og_title":"Conditions g\u00e9n\u00e9rales - Karaba, l\u2019infini du d\u00e9sert","og_description":"Consultez les conditions g\u00e9n\u00e9rales de Karaba Tours : informations sur les r\u00e9servations, paiements, annulations et responsabilit\u00e9s.","og_url":"https:\/\/karabatours.com\/de\/allgemeine-geschaftsbedingungen\/","og_site_name":"Karaba, l\u2019infini du d\u00e9sert","article_modified_time":"2025-11-17T12:54:20+00:00","twitter_card":"summary_large_image","twitter_misc":{"Gesch\u00e4tzte Lesezeit":"2\u00a0Minuten"},"schema":{"@context":"https:\/\/schema.org","@graph":[{"@type":"WebPage","@id":"https:\/\/karabatours.com\/conditions-generales\/","url":"https:\/\/karabatours.com\/conditions-generales\/","name":"Allgemeine Gesch\u00e4ftsbedingungen","isPartOf":{"@id":"https:\/\/karabatours.com\/#website"},"datePublished":"2025-10-22T13:42:28+00:00","dateModified":"2025-11-17T12:54:20+00:00","description":"Lesen Sie die Allgemeinen Gesch\u00e4ftsbedingungen von Karaba Tours: Informationen zu Buchungen, Zahlungen, Stornierungen und Haftung.","breadcrumb":{"@id":"https:\/\/karabatours.com\/conditions-generales\/#breadcrumb"},"inLanguage":"de","potentialAction":[{"@type":"ReadAction","target":["https:\/\/karabatours.com\/conditions-generales\/"]}]},{"@type":"BreadcrumbList","@id":"https:\/\/karabatours.com\/conditions-generales\/#breadcrumb","itemListElement":[{"@type":"ListItem","position":1,"name":"Accueil","item":"https:\/\/karabatours.com\/"},{"@type":"ListItem","position":2,"name":"Conditions g\u00e9n\u00e9rales"}]},{"@type":"WebSite","@id":"https:\/\/karabatours.com\/#website","url":"https:\/\/karabatours.com\/","name":"Karaba - ein Abenteuer, eine Reise, die Unendlichkeit der W\u00fcste","description":"","publisher":{"@id":"https:\/\/karabatours.com\/#organization"},"potentialAction":[{"@type":"SearchAction","target":{"@type":"EntryPoint","urlTemplate":"https:\/\/karabatours.com\/?s={search_term_string}"},"query-input":{"@type":"PropertyValueSpecification","valueRequired":true,"valueName":"search_term_string"}}],"inLanguage":"de"},{"@type":"Organization","@id":"https:\/\/karabatours.com\/#organization","name":"Karaba - ein Abenteuer, eine Reise, die Unendlichkeit der W\u00fcste","url":"https:\/\/karabatours.com\/","logo":{"@type":"ImageObject","inLanguage":"de","@id":"https:\/\/karabatours.com\/#\/schema\/logo\/image\/","url":"https:\/\/karabatours.com\/wp-content\/uploads\/2025\/05\/karaba-logo-1.png","contentUrl":"https:\/\/karabatours.com\/wp-content\/uploads\/2025\/05\/karaba-logo-1.png","width":192,"height":183,"caption":"Karaba - une aventure, un voyage, l'infini du d\u00e9sert"},"image":{"@id":"https:\/\/karabatours.com\/#\/schema\/logo\/image\/"}}]}},"_hostinger_reach_plugin_has_subscription_block":false,"_hostinger_reach_plugin_is_elementor":false,"_links":{"self":[{"href":"https:\/\/karabatours.com\/de\/wp-json\/wp\/v2\/pages\/3351","targetHints":{"allow":["GET"]}}],"collection":[{"href":"https:\/\/karabatours.com\/de\/wp-json\/wp\/v2\/pages"}],"about":[{"href":"https:\/\/karabatours.com\/de\/wp-json\/wp\/v2\/types\/page"}],"author":[{"embeddable":true,"href":"https:\/\/karabatours.com\/de\/wp-json\/wp\/v2\/users\/1"}],"replies":[{"embeddable":true,"href":"https:\/\/karabatours.com\/de\/wp-json\/wp\/v2\/comments?post=3351"}],"version-history":[{"count":18,"href":"https:\/\/karabatours.com\/de\/wp-json\/wp\/v2\/pages\/3351\/revisions"}],"predecessor-version":[{"id":3900,"href":"https:\/\/karabatours.com\/de\/wp-json\/wp\/v2\/pages\/3351\/revisions\/3900"}],"wp:attachment":[{"href":"https:\/\/karabatours.com\/de\/wp-json\/wp\/v2\/media?parent=3351"}],"curies":[{"name":"wp","href":"https:\/\/api.w.org\/{rel}","templated":true}]}}