{"id":1029,"date":"2025-05-09T12:33:42","date_gmt":"2025-05-09T12:33:42","guid":{"rendered":"https:\/\/darkgrey-otter-452932.hostingersite.com\/?page_id=1029"},"modified":"2025-10-23T12:40:11","modified_gmt":"2025-10-23T12:40:11","slug":"reisetagebuch","status":"publish","type":"page","link":"https:\/\/karabatours.com\/de\/reisetagebuch\/","title":{"rendered":"Blog"},"content":{"rendered":"<?xml encoding=\"utf-8\" ?><div data-elementor-type=\"wp-page\" data-elementor-id=\"1029\" class=\"elementor elementor-1029\" data-elementor-post-type=\"page\">\n\t\t\t\t<div class=\"elementor-element elementor-element-bb96a2d e-flex e-con-boxed e-con e-parent\" data-id=\"bb96a2d\" data-element_type=\"container\" data-settings='{\"background_background\":\"classic\"}'>\n\t\t\t\t\t<div class=\"e-con-inner\">\n\t\t\t\t<div class=\"elementor-element elementor-element-8d20250 elementor-widget__width-inherit elementor-widget elementor-widget-heading\" data-id=\"8d20250\" data-element_type=\"widget\" data-widget_type=\"heading.default\">\n\t\t\t\t<div class=\"elementor-widget-container\">\n\t\t\t\t\t<h1 class=\"elementor-heading-title elementor-size-default\">Blog<\/h1>\t\t\t\t<\/div>\n\t\t\t\t<\/div>\n\t\t\t\t\t<\/div>\n\t\t\t\t<\/div>\n\t\t<div class=\"elementor-element elementor-element-3ed8acb3 e-flex e-con-boxed e-con e-parent\" data-id=\"3ed8acb3\" data-element_type=\"container\">\n\t\t\t\t\t<div class=\"e-con-inner\">\n\t\t<div class=\"elementor-element elementor-element-61808c1a e-con-full e-flex e-con e-child\" data-id=\"61808c1a\" data-element_type=\"container\">\n\t\t<div class=\"elementor-element elementor-element-6d91e79b e-con-full e-flex e-con e-child\" data-id=\"6d91e79b\" data-element_type=\"container\">\n\t\t<div class=\"elementor-element elementor-element-5ecedf0d e-con-full e-flex e-con e-child\" data-id=\"5ecedf0d\" data-element_type=\"container\">\n\t\t\t\t<div class=\"elementor-element elementor-element-32dd1de1 elementor-widget elementor-widget-elementskit-blog-posts\" data-id=\"32dd1de1\" data-element_type=\"widget\" data-widget_type=\"elementskit-blog-posts.default\">\n\t\t\t\t<div class=\"elementor-widget-container\">\n\t\t\t\t\t<div class=\"ekit-wid-con\">        <div id=\"post-items--32dd1de1\" class=\"row post-items\">\n                <\/div>\n       <\/div>\t\t\t\t<\/div>\n\t\t\t\t<\/div>\n\t\t\t\t<\/div>\n\t\t<div class=\"elementor-element elementor-element-1f221eb2 e-con-full e-flex e-con e-child\" data-id=\"1f221eb2\" data-element_type=\"container\" data-settings='{\"background_background\":\"classic\"}'>\n\t\t\t\t<div class=\"elementor-element elementor-element-1861ffb9 elementor-widget__width-inherit elementor-widget elementor-widget-heading\" data-id=\"1861ffb9\" data-element_type=\"widget\" data-widget_type=\"heading.default\">\n\t\t\t\t<div class=\"elementor-widget-container\">\n\t\t\t\t\t<div class=\"elementor-heading-title elementor-size-default\">Empfohlen<\/div>\t\t\t\t<\/div>\n\t\t\t\t<\/div>\n\t\t\t\t<div class=\"elementor-element elementor-element-5ba42c89 elementor-hidden-tablet elementor-widget elementor-widget-elementskit-blog-posts\" data-id=\"5ba42c89\" data-element_type=\"widget\" data-widget_type=\"elementskit-blog-posts.default\">\n\t\t\t\t<div class=\"elementor-widget-container\">\n\t\t\t\t\t<div class=\"ekit-wid-con\">        <div id=\"post-items--5ba42c89\" class=\"row post-items\">\n                <\/div>\n       <\/div>\t\t\t\t<\/div>\n\t\t\t\t<\/div>\n\t\t\t\t<div class=\"elementor-element elementor-element-16a8f7cc elementor-hidden-desktop elementor-hidden-mobile elementor-widget elementor-widget-elementskit-blog-posts\" data-id=\"16a8f7cc\" data-element_type=\"widget\" data-widget_type=\"elementskit-blog-posts.default\">\n\t\t\t\t<div class=\"elementor-widget-container\">\n\t\t\t\t\t<div class=\"ekit-wid-con\">        <div id=\"post-items--16a8f7cc\" class=\"row post-items\">\n                <\/div>\n       <\/div>\t\t\t\t<\/div>\n\t\t\t\t<\/div>\n\t\t\t\t<div class=\"elementor-element elementor-element-5866fa81 elementor-widget__width-inherit elementor-widget elementor-widget-heading\" data-id=\"5866fa81\" data-element_type=\"widget\" data-widget_type=\"heading.default\">\n\t\t\t\t<div class=\"elementor-widget-container\">\n\t\t\t\t\t<div class=\"elementor-heading-title elementor-size-default\">Folgen Sie uns<\/div>\t\t\t\t<\/div>\n\t\t\t\t<\/div>\n\t\t<div class=\"elementor-element elementor-element-3c12e4e1 e-con-full e-flex e-con e-child\" data-id=\"3c12e4e1\" data-element_type=\"container\">\n\t\t<div class=\"elementor-element elementor-element-3589031b e-con-full e-flex e-con e-child\" data-id=\"3589031b\" data-element_type=\"container\" data-settings='{\"background_background\":\"classic\"}'>\n\t\t<div class=\"elementor-element elementor-element-2828840d e-con-full e-flex e-con e-child\" data-id=\"2828840d\" data-element_type=\"container\">\n\t\t\t\t<div class=\"elementor-element elementor-element-7bcdf5fb elementor-shape-circle elementor-widget__width-initial elementor-widget-mobile__width-initial elementor-grid-0 e-grid-align-center elementor-widget elementor-widget-social-icons\" data-id=\"7bcdf5fb\" data-element_type=\"widget\" data-widget_type=\"social-icons.default\">\n\t\t\t\t<div class=\"elementor-widget-container\">\n\t\t\t\t\t\t\t<div class=\"elementor-social-icons-wrapper elementor-grid\">\n\t\t\t\t\t\t\t<span class=\"elementor-grid-item\">\n\t\t\t\t\t<a class=\"elementor-icon elementor-social-icon elementor-social-icon-facebook elementor-repeater-item-3afa906\" target=\"_blank\">\n\t\t\t\t\t\t<span class=\"elementor-screen-only\">Facebook<\/span>\n\t\t\t\t\t\t<svg aria-hidden=\"true\" class=\"e-font-icon-svg e-fab-facebook\" viewbox=\"0 0 512 512\" xmlns=\"http:\/\/www.w3.org\/2000\/svg\"><path d=\"M504 256C504 119 393 8 256 8S8 119 8 256c0 123.78 90.69 226.38 209.25 245V327.69h-63V256h63v-54.64c0-62.15 37-96.48 93.67-96.48 27.14 0 55.52 4.84 55.52 4.84v61h-31.28c-30.8 0-40.41 19.12-40.41 38.73V256h68.78l-11 71.69h-57.78V501C413.31 482.38 504 379.78 504 256z\"><\/path><\/svg>\t\t\t\t\t<\/a>\n\t\t\t\t<\/span>\n\t\t\t\t\t<\/div>\n\t\t\t\t\t\t<\/div>\n\t\t\t\t<\/div>\n\t\t\t\t<div class=\"elementor-element elementor-element-11243eb1 elementor-widget-tablet__width-initial elementor-widget__width-initial elementor-widget-mobile__width-initial elementor-widget elementor-widget-text-editor\" data-id=\"11243eb1\" data-element_type=\"widget\" data-widget_type=\"text-editor.default\">\n\t\t\t\t<div class=\"elementor-widget-container\">\n\t\t\t\t\t\t\t\t\t<p>Facebook<\/p>\t\t\t\t\t\t\t\t<\/div>\n\t\t\t\t<\/div>\n\t\t\t\t<\/div>\n\t\t<div class=\"elementor-element elementor-element-172140e6 e-con-full e-flex e-con e-child\" data-id=\"172140e6\" data-element_type=\"container\" data-settings='{\"background_background\":\"classic\"}'>\n\t\t\t\t<div class=\"elementor-element elementor-element-a950e29 elementor-widget-tablet__width-inherit elementor-widget-mobile__width-initial counter-tablet-align_center elementor-widget elementor-widget-counter\" data-id=\"a950e29\" data-element_type=\"widget\" data-widget_type=\"counter.default\">\n\t\t\t\t<div class=\"elementor-widget-container\">\n\t\t\t\t\t\t\t<div class=\"elementor-counter\">\n\t\t\t\t\t\t<div class=\"elementor-counter-number-wrapper\">\n\t\t\t\t<span class=\"elementor-counter-number-prefix\"><\/span>\n\t\t\t\t<span class=\"elementor-counter-number\" data-duration=\"2000\" data-to-value=\"10\" data-from-value=\"0\" data-delimiter=\",\">0<\/span>\n\t\t\t\t<span class=\"elementor-counter-number-suffix\">K+<\/span>\n\t\t\t<\/div>\n\t\t<\/div>\n\t\t\t\t\t\t<\/div>\n\t\t\t\t<\/div>\n\t\t\t\t<\/div>\n\t\t\t\t<\/div>\n\t\t<div class=\"elementor-element elementor-element-54d24b1b e-con-full e-flex e-con e-child\" data-id=\"54d24b1b\" data-element_type=\"container\" data-settings='{\"background_background\":\"classic\"}'>\n\t\t<div class=\"elementor-element elementor-element-72cbdd08 e-con-full e-flex e-con e-child\" data-id=\"72cbdd08\" data-element_type=\"container\">\n\t\t\t\t<div class=\"elementor-element elementor-element-3424830a elementor-shape-circle elementor-widget__width-initial elementor-widget-mobile__width-initial elementor-grid-0 e-grid-align-center elementor-widget elementor-widget-social-icons\" data-id=\"3424830a\" data-element_type=\"widget\" data-widget_type=\"social-icons.default\">\n\t\t\t\t<div class=\"elementor-widget-container\">\n\t\t\t\t\t\t\t<div class=\"elementor-social-icons-wrapper elementor-grid\">\n\t\t\t\t\t\t\t<span class=\"elementor-grid-item\">\n\t\t\t\t\t<a class=\"elementor-icon elementor-social-icon elementor-social-icon-twitter elementor-repeater-item-3afa906\" target=\"_blank\">\n\t\t\t\t\t\t<span class=\"elementor-screen-only\">Twitter<\/span>\n\t\t\t\t\t\t<svg aria-hidden=\"true\" class=\"e-font-icon-svg e-fab-twitter\" viewbox=\"0 0 512 512\" xmlns=\"http:\/\/www.w3.org\/2000\/svg\"><path d=\"M459.37 151.716c.325 4.548.325 9.097.325 13.645 0 138.72-105.583 298.558-298.558 298.558-59.452 0-114.68-17.219-161.137-47.106 8.447.974 16.568 1.299 25.34 1.299 49.055 0 94.213-16.568 130.274-44.832-46.132-.975-84.792-31.188-98.112-72.772 6.498.974 12.995 1.624 19.818 1.624 9.421 0 18.843-1.3 27.614-3.573-48.081-9.747-84.143-51.98-84.143-102.985v-1.299c13.969 7.797 30.214 12.67 47.431 13.319-28.264-18.843-46.781-51.005-46.781-87.391 0-19.492 5.197-37.36 14.294-52.954 51.655 63.675 129.3 105.258 216.365 109.807-1.624-7.797-2.599-15.918-2.599-24.04 0-57.828 46.782-104.934 104.934-104.934 30.213 0 57.502 12.67 76.67 33.137 23.715-4.548 46.456-13.32 66.599-25.34-7.798 24.366-24.366 44.833-46.132 57.827 21.117-2.273 41.584-8.122 60.426-16.243-14.292 20.791-32.161 39.308-52.628 54.253z\"><\/path><\/svg>\t\t\t\t\t<\/a>\n\t\t\t\t<\/span>\n\t\t\t\t\t<\/div>\n\t\t\t\t\t\t<\/div>\n\t\t\t\t<\/div>\n\t\t\t\t<div class=\"elementor-element elementor-element-26aa6f94 elementor-widget-tablet__width-initial elementor-widget__width-initial elementor-widget-mobile__width-initial elementor-widget elementor-widget-text-editor\" data-id=\"26aa6f94\" data-element_type=\"widget\" data-widget_type=\"text-editor.default\">\n\t\t\t\t<div class=\"elementor-widget-container\">\n\t\t\t\t\t\t\t\t\t<p>Twitter<\/p>\t\t\t\t\t\t\t\t<\/div>\n\t\t\t\t<\/div>\n\t\t\t\t<\/div>\n\t\t<div class=\"elementor-element elementor-element-45b7385f e-con-full e-flex e-con e-child\" data-id=\"45b7385f\" data-element_type=\"container\" data-settings='{\"background_background\":\"classic\"}'>\n\t\t\t\t<div class=\"elementor-element elementor-element-2aba707d elementor-widget-tablet__width-inherit elementor-widget-mobile__width-initial counter-tablet-align_center elementor-widget elementor-widget-counter\" data-id=\"2aba707d\" data-element_type=\"widget\" data-widget_type=\"counter.default\">\n\t\t\t\t<div class=\"elementor-widget-container\">\n\t\t\t\t\t\t\t<div class=\"elementor-counter\">\n\t\t\t\t\t\t<div class=\"elementor-counter-number-wrapper\">\n\t\t\t\t<span class=\"elementor-counter-number-prefix\"><\/span>\n\t\t\t\t<span class=\"elementor-counter-number\" data-duration=\"2000\" data-to-value=\"3\" data-from-value=\"0\" data-delimiter=\",\">0<\/span>\n\t\t\t\t<span class=\"elementor-counter-number-suffix\">K+<\/span>\n\t\t\t<\/div>\n\t\t<\/div>\n\t\t\t\t\t\t<\/div>\n\t\t\t\t<\/div>\n\t\t\t\t<\/div>\n\t\t\t\t<\/div>\n\t\t<div class=\"elementor-element elementor-element-ffbf691 e-con-full e-flex e-con e-child\" data-id=\"ffbf691\" data-element_type=\"container\" data-settings='{\"background_background\":\"classic\"}'>\n\t\t<div class=\"elementor-element elementor-element-2765c136 e-con-full e-flex e-con e-child\" data-id=\"2765c136\" data-element_type=\"container\">\n\t\t\t\t<div class=\"elementor-element elementor-element-65eead3 elementor-shape-circle elementor-widget__width-initial elementor-widget-mobile__width-initial elementor-grid-0 e-grid-align-center elementor-widget elementor-widget-social-icons\" data-id=\"65eead3\" data-element_type=\"widget\" data-widget_type=\"social-icons.default\">\n\t\t\t\t<div class=\"elementor-widget-container\">\n\t\t\t\t\t\t\t<div class=\"elementor-social-icons-wrapper elementor-grid\">\n\t\t\t\t\t\t\t<span class=\"elementor-grid-item\">\n\t\t\t\t\t<a class=\"elementor-icon elementor-social-icon elementor-social-icon-instagram elementor-repeater-item-3afa906\" target=\"_blank\">\n\t\t\t\t\t\t<span class=\"elementor-screen-only\">Instagram<\/span>\n\t\t\t\t\t\t<svg aria-hidden=\"true\" class=\"e-font-icon-svg e-fab-instagram\" viewbox=\"0 0 448 512\" xmlns=\"http:\/\/www.w3.org\/2000\/svg\"><path d=\"M224.1 141c-63.6 0-114.9 51.3-114.9 114.9s51.3 114.9 114.9 114.9S339 319.5 339 255.9 287.7 141 224.1 141zm0 189.6c-41.1 0-74.7-33.5-74.7-74.7s33.5-74.7 74.7-74.7 74.7 33.5 74.7 74.7-33.6 74.7-74.7 74.7zm146.4-194.3c0 14.9-12 26.8-26.8 26.8-14.9 0-26.8-12-26.8-26.8s12-26.8 26.8-26.8 26.8 12 26.8 26.8zm76.1 27.2c-1.7-35.9-9.9-67.7-36.2-93.9-26.2-26.2-58-34.4-93.9-36.2-37-2.1-147.9-2.1-184.9 0-35.8 1.7-67.6 9.9-93.9 36.1s-34.4 58-36.2 93.9c-2.1 37-2.1 147.9 0 184.9 1.7 35.9 9.9 67.7 36.2 93.9s58 34.4 93.9 36.2c37 2.1 147.9 2.1 184.9 0 35.9-1.7 67.7-9.9 93.9-36.2 26.2-26.2 34.4-58 36.2-93.9 2.1-37 2.1-147.8 0-184.8zM398.8 388c-7.8 19.6-22.9 34.7-42.6 42.6-29.5 11.7-99.5 9-132.1 9s-102.7 2.6-132.1-9c-19.6-7.8-34.7-22.9-42.6-42.6-11.7-29.5-9-99.5-9-132.1s-2.6-102.7 9-132.1c7.8-19.6 22.9-34.7 42.6-42.6 29.5-11.7 99.5-9 132.1-9s102.7-2.6 132.1 9c19.6 7.8 34.7 22.9 42.6 42.6 11.7 29.5 9 99.5 9 132.1s2.7 102.7-9 132.1z\"><\/path><\/svg>\t\t\t\t\t<\/a>\n\t\t\t\t<\/span>\n\t\t\t\t\t<\/div>\n\t\t\t\t\t\t<\/div>\n\t\t\t\t<\/div>\n\t\t\t\t<div class=\"elementor-element elementor-element-56063f1a elementor-widget-tablet__width-initial elementor-widget__width-initial elementor-widget-mobile__width-initial elementor-widget elementor-widget-text-editor\" data-id=\"56063f1a\" data-element_type=\"widget\" data-widget_type=\"text-editor.default\">\n\t\t\t\t<div class=\"elementor-widget-container\">\n\t\t\t\t\t\t\t\t\t<p>Instagram<\/p>\t\t\t\t\t\t\t\t<\/div>\n\t\t\t\t<\/div>\n\t\t\t\t<\/div>\n\t\t<div class=\"elementor-element elementor-element-5447de43 e-con-full e-flex e-con e-child\" data-id=\"5447de43\" data-element_type=\"container\" data-settings='{\"background_background\":\"classic\"}'>\n\t\t\t\t<div class=\"elementor-element elementor-element-1547e6a0 elementor-widget-tablet__width-inherit elementor-widget-mobile__width-initial counter-tablet-align_center elementor-widget elementor-widget-counter\" data-id=\"1547e6a0\" data-element_type=\"widget\" data-widget_type=\"counter.default\">\n\t\t\t\t<div class=\"elementor-widget-container\">\n\t\t\t\t\t\t\t<div class=\"elementor-counter\">\n\t\t\t\t\t\t<div class=\"elementor-counter-number-wrapper\">\n\t\t\t\t<span class=\"elementor-counter-number-prefix\"><\/span>\n\t\t\t\t<span class=\"elementor-counter-number\" data-duration=\"2000\" data-to-value=\"10\" data-from-value=\"0\" data-delimiter=\",\">0<\/span>\n\t\t\t\t<span class=\"elementor-counter-number-suffix\">K+<\/span>\n\t\t\t<\/div>\n\t\t<\/div>\n\t\t\t\t\t\t<\/div>\n\t\t\t\t<\/div>\n\t\t\t\t<\/div>\n\t\t\t\t<\/div>\n\t\t<div class=\"elementor-element elementor-element-6fc68f2f e-con-full e-flex e-con e-child\" data-id=\"6fc68f2f\" data-element_type=\"container\" data-settings='{\"background_background\":\"classic\"}'>\n\t\t<div class=\"elementor-element elementor-element-3ee823c4 e-con-full e-flex e-con e-child\" data-id=\"3ee823c4\" data-element_type=\"container\">\n\t\t\t\t<div class=\"elementor-element elementor-element-487552a9 elementor-shape-circle elementor-widget__width-initial elementor-widget-mobile__width-initial elementor-grid-0 e-grid-align-center elementor-widget elementor-widget-social-icons\" data-id=\"487552a9\" data-element_type=\"widget\" data-widget_type=\"social-icons.default\">\n\t\t\t\t<div class=\"elementor-widget-container\">\n\t\t\t\t\t\t\t<div class=\"elementor-social-icons-wrapper elementor-grid\">\n\t\t\t\t\t\t\t<span class=\"elementor-grid-item\">\n\t\t\t\t\t<a class=\"elementor-icon elementor-social-icon elementor-social-icon-youtube elementor-repeater-item-3afa906\" target=\"_blank\">\n\t\t\t\t\t\t<span class=\"elementor-screen-only\">Youtube<\/span>\n\t\t\t\t\t\t<svg aria-hidden=\"true\" class=\"e-font-icon-svg e-fab-youtube\" viewbox=\"0 0 576 512\" xmlns=\"http:\/\/www.w3.org\/2000\/svg\"><path d=\"M549.655 124.083c-6.281-23.65-24.787-42.276-48.284-48.597C458.781 64 288 64 288 64S117.22 64 74.629 75.486c-23.497 6.322-42.003 24.947-48.284 48.597-11.412 42.867-11.412 132.305-11.412 132.305s0 89.438 11.412 132.305c6.281 23.65 24.787 41.5 48.284 47.821C117.22 448 288 448 288 448s170.78 0 213.371-11.486c23.497-6.321 42.003-24.171 48.284-47.821 11.412-42.867 11.412-132.305 11.412-132.305s0-89.438-11.412-132.305zm-317.51 213.508V175.185l142.739 81.205-142.739 81.201z\"><\/path><\/svg>\t\t\t\t\t<\/a>\n\t\t\t\t<\/span>\n\t\t\t\t\t<\/div>\n\t\t\t\t\t\t<\/div>\n\t\t\t\t<\/div>\n\t\t\t\t<div class=\"elementor-element elementor-element-625fef6f elementor-widget-tablet__width-initial elementor-widget__width-initial elementor-widget-mobile__width-initial elementor-widget elementor-widget-text-editor\" data-id=\"625fef6f\" data-element_type=\"widget\" data-widget_type=\"text-editor.default\">\n\t\t\t\t<div class=\"elementor-widget-container\">\n\t\t\t\t\t\t\t\t\t<p>Youtube<\/p>\t\t\t\t\t\t\t\t<\/div>\n\t\t\t\t<\/div>\n\t\t\t\t<\/div>\n\t\t<div class=\"elementor-element elementor-element-20276856 e-con-full e-flex e-con e-child\" data-id=\"20276856\" data-element_type=\"container\" data-settings='{\"background_background\":\"classic\"}'>\n\t\t\t\t<div class=\"elementor-element elementor-element-6f0605a3 elementor-widget-tablet__width-inherit elementor-widget-mobile__width-initial counter-tablet-align_center elementor-widget elementor-widget-counter\" data-id=\"6f0605a3\" data-element_type=\"widget\" data-widget_type=\"counter.default\">\n\t\t\t\t<div class=\"elementor-widget-container\">\n\t\t\t\t\t\t\t<div class=\"elementor-counter\">\n\t\t\t\t\t\t<div class=\"elementor-counter-number-wrapper\">\n\t\t\t\t<span class=\"elementor-counter-number-prefix\"><\/span>\n\t\t\t\t<span class=\"elementor-counter-number\" data-duration=\"2000\" data-to-value=\"101\" data-from-value=\"0\" data-delimiter=\",\">0<\/span>\n\t\t\t\t<span class=\"elementor-counter-number-suffix\">K+<\/span>\n\t\t\t<\/div>\n\t\t<\/div>\n\t\t\t\t\t\t<\/div>\n\t\t\t\t<\/div>\n\t\t\t\t<\/div>\n\t\t\t\t<\/div>\n\t\t\t\t<\/div>\n\t\t\t\t<\/div>\n\t\t\t\t<\/div>\n\t\t\t\t<\/div>\n\t\t\t\t\t<\/div>\n\t\t\t\t<\/div>\n\t\t\t\t<\/div>","protected":false},"excerpt":{"rendered":"<p>Blog Recommand&eacute; Suivez-nous Facebook Facebook 0 K+ Twitter Twitter 0 K+ Instagram Instagram 0 K+ Youtube Youtube 0 K+<\/p>","protected":false},"author":1,"featured_media":0,"parent":0,"menu_order":0,"comment_status":"closed","ping_status":"closed","template":"elementor_header_footer","meta":{"_acf_changed":false,"footnotes":""},"class_list":["post-1029","page","type-page","status-publish","hentry"],"acf":[],"yoast_head":"<!-- This site is optimized with the Yoast SEO plugin v25.7 - https:\/\/yoast.com\/wordpress\/plugins\/seo\/ -->\n<title>blog - Karaba, l\u2019infini du d\u00e9sert<\/title>\n<meta name=\"description\" content=\"Le Sahara murmure \u00e0 ceux qui \u00e9coutent. Avec Karaba Tours, vivez des voyages authentiques entre culture, nature et aventures inoubliables.\" \/>\n<meta name=\"robots\" content=\"index, follow, max-snippet:-1, max-image-preview:large, max-video-preview:-1\" \/>\n<link rel=\"canonical\" href=\"https:\/\/karabatours.com\/de\/reisetagebuch\/\" \/>\n<meta property=\"og:locale\" content=\"de_DE\" \/>\n<meta property=\"og:type\" content=\"article\" \/>\n<meta property=\"og:title\" content=\"blog - Karaba, l\u2019infini du d\u00e9sert\" \/>\n<meta property=\"og:description\" content=\"Le Sahara murmure \u00e0 ceux qui \u00e9coutent. Avec Karaba Tours, vivez des voyages authentiques entre culture, nature et aventures inoubliables.\" \/>\n<meta property=\"og:url\" content=\"https:\/\/karabatours.com\/de\/reisetagebuch\/\" \/>\n<meta property=\"og:site_name\" content=\"Karaba, l\u2019infini du d\u00e9sert\" \/>\n<meta property=\"article:modified_time\" content=\"2025-10-23T12:40:11+00:00\" \/>\n<meta name=\"twitter:card\" content=\"summary_large_image\" \/>\n<meta name=\"twitter:label1\" content=\"Gesch\u00e4tzte Lesezeit\" \/>\n\t<meta name=\"twitter:data1\" content=\"1\u00a0Minute\" \/>\n<script type=\"application\/ld+json\" class=\"yoast-schema-graph\">{\"@context\":\"https:\/\/schema.org\",\"@graph\":[{\"@type\":\"WebPage\",\"@id\":\"https:\/\/karabatours.com\/blog\/\",\"url\":\"https:\/\/karabatours.com\/blog\/\",\"name\":\"blog - Karaba, l\u2019infini du d\u00e9sert\",\"isPartOf\":{\"@id\":\"https:\/\/karabatours.com\/#website\"},\"datePublished\":\"2025-05-09T12:33:42+00:00\",\"dateModified\":\"2025-10-23T12:40:11+00:00\",\"description\":\"Le Sahara murmure \u00e0 ceux qui \u00e9coutent. Avec Karaba Tours, vivez des voyages authentiques entre culture, nature et aventures inoubliables.\",\"breadcrumb\":{\"@id\":\"https:\/\/karabatours.com\/blog\/#breadcrumb\"},\"inLanguage\":\"de\",\"potentialAction\":[{\"@type\":\"ReadAction\",\"target\":[\"https:\/\/karabatours.com\/blog\/\"]}]},{\"@type\":\"BreadcrumbList\",\"@id\":\"https:\/\/karabatours.com\/blog\/#breadcrumb\",\"itemListElement\":[{\"@type\":\"ListItem\",\"position\":1,\"name\":\"Accueil\",\"item\":\"https:\/\/karabatours.com\/\"},{\"@type\":\"ListItem\",\"position\":2,\"name\":\"blog\"}]},{\"@type\":\"WebSite\",\"@id\":\"https:\/\/karabatours.com\/#website\",\"url\":\"https:\/\/karabatours.com\/\",\"name\":\"Karaba - une aventure, un voyage, l'infini du d\u00e9sert\",\"description\":\"\",\"publisher\":{\"@id\":\"https:\/\/karabatours.com\/#organization\"},\"potentialAction\":[{\"@type\":\"SearchAction\",\"target\":{\"@type\":\"EntryPoint\",\"urlTemplate\":\"https:\/\/karabatours.com\/?s={search_term_string}\"},\"query-input\":{\"@type\":\"PropertyValueSpecification\",\"valueRequired\":true,\"valueName\":\"search_term_string\"}}],\"inLanguage\":\"de\"},{\"@type\":\"Organization\",\"@id\":\"https:\/\/karabatours.com\/#organization\",\"name\":\"Karaba - une aventure, un voyage, l'infini du d\u00e9sert\",\"url\":\"https:\/\/karabatours.com\/\",\"logo\":{\"@type\":\"ImageObject\",\"inLanguage\":\"de\",\"@id\":\"https:\/\/karabatours.com\/#\/schema\/logo\/image\/\",\"url\":\"https:\/\/karabatours.com\/wp-content\/uploads\/2025\/05\/karaba-logo-1.png\",\"contentUrl\":\"https:\/\/karabatours.com\/wp-content\/uploads\/2025\/05\/karaba-logo-1.png\",\"width\":192,\"height\":183,\"caption\":\"Karaba - une aventure, un voyage, l'infini du d\u00e9sert\"},\"image\":{\"@id\":\"https:\/\/karabatours.com\/#\/schema\/logo\/image\/\"}}]}<\/script>\n<!-- \/ Yoast SEO plugin. -->","yoast_head_json":{"title":"blog - Karaba, die Unendlichkeit der W\u00fcste","description":"Die Sahara fl\u00fcstert denen zu, die zuh\u00f6ren. Mit Karaba Tours erleben Sie authentische Reisen zwischen Kultur, Natur und unvergesslichen Abenteuern.","robots":{"index":"index","follow":"follow","max-snippet":"max-snippet:-1","max-image-preview":"max-image-preview:large","max-video-preview":"max-video-preview:-1"},"canonical":"https:\/\/karabatours.com\/de\/reisetagebuch\/","og_locale":"de_DE","og_type":"article","og_title":"blog - Karaba, l\u2019infini du d\u00e9sert","og_description":"Le Sahara murmure \u00e0 ceux qui \u00e9coutent. Avec Karaba Tours, vivez des voyages authentiques entre culture, nature et aventures inoubliables.","og_url":"https:\/\/karabatours.com\/de\/reisetagebuch\/","og_site_name":"Karaba, l\u2019infini du d\u00e9sert","article_modified_time":"2025-10-23T12:40:11+00:00","twitter_card":"summary_large_image","twitter_misc":{"Gesch\u00e4tzte Lesezeit":"1\u00a0Minute"},"schema":{"@context":"https:\/\/schema.org","@graph":[{"@type":"WebPage","@id":"https:\/\/karabatours.com\/blog\/","url":"https:\/\/karabatours.com\/blog\/","name":"blog - Karaba, die Unendlichkeit der W\u00fcste","isPartOf":{"@id":"https:\/\/karabatours.com\/#website"},"datePublished":"2025-05-09T12:33:42+00:00","dateModified":"2025-10-23T12:40:11+00:00","description":"Die Sahara fl\u00fcstert denen zu, die zuh\u00f6ren. Mit Karaba Tours erleben Sie authentische Reisen zwischen Kultur, Natur und unvergesslichen Abenteuern.","breadcrumb":{"@id":"https:\/\/karabatours.com\/blog\/#breadcrumb"},"inLanguage":"de","potentialAction":[{"@type":"ReadAction","target":["https:\/\/karabatours.com\/blog\/"]}]},{"@type":"BreadcrumbList","@id":"https:\/\/karabatours.com\/blog\/#breadcrumb","itemListElement":[{"@type":"ListItem","position":1,"name":"Accueil","item":"https:\/\/karabatours.com\/"},{"@type":"ListItem","position":2,"name":"blog"}]},{"@type":"WebSite","@id":"https:\/\/karabatours.com\/#website","url":"https:\/\/karabatours.com\/","name":"Karaba - ein Abenteuer, eine Reise, die Unendlichkeit der W\u00fcste","description":"","publisher":{"@id":"https:\/\/karabatours.com\/#organization"},"potentialAction":[{"@type":"SearchAction","target":{"@type":"EntryPoint","urlTemplate":"https:\/\/karabatours.com\/?s={search_term_string}"},"query-input":{"@type":"PropertyValueSpecification","valueRequired":true,"valueName":"search_term_string"}}],"inLanguage":"de"},{"@type":"Organization","@id":"https:\/\/karabatours.com\/#organization","name":"Karaba - ein Abenteuer, eine Reise, die Unendlichkeit der W\u00fcste","url":"https:\/\/karabatours.com\/","logo":{"@type":"ImageObject","inLanguage":"de","@id":"https:\/\/karabatours.com\/#\/schema\/logo\/image\/","url":"https:\/\/karabatours.com\/wp-content\/uploads\/2025\/05\/karaba-logo-1.png","contentUrl":"https:\/\/karabatours.com\/wp-content\/uploads\/2025\/05\/karaba-logo-1.png","width":192,"height":183,"caption":"Karaba - une aventure, un voyage, l'infini du d\u00e9sert"},"image":{"@id":"https:\/\/karabatours.com\/#\/schema\/logo\/image\/"}}]}},"_hostinger_reach_plugin_has_subscription_block":false,"_hostinger_reach_plugin_is_elementor":false,"_links":{"self":[{"href":"https:\/\/karabatours.com\/de\/wp-json\/wp\/v2\/pages\/1029","targetHints":{"allow":["GET"]}}],"collection":[{"href":"https:\/\/karabatours.com\/de\/wp-json\/wp\/v2\/pages"}],"about":[{"href":"https:\/\/karabatours.com\/de\/wp-json\/wp\/v2\/types\/page"}],"author":[{"embeddable":true,"href":"https:\/\/karabatours.com\/de\/wp-json\/wp\/v2\/users\/1"}],"replies":[{"embeddable":true,"href":"https:\/\/karabatours.com\/de\/wp-json\/wp\/v2\/comments?post=1029"}],"version-history":[{"count":10,"href":"https:\/\/karabatours.com\/de\/wp-json\/wp\/v2\/pages\/1029\/revisions"}],"predecessor-version":[{"id":3517,"href":"https:\/\/karabatours.com\/de\/wp-json\/wp\/v2\/pages\/1029\/revisions\/3517"}],"wp:attachment":[{"href":"https:\/\/karabatours.com\/de\/wp-json\/wp\/v2\/media?parent=1029"}],"curies":[{"name":"wp","href":"https:\/\/api.w.org\/{rel}","templated":true}]}}